{"id":17,"date":"2013-11-20T15:12:33","date_gmt":"2013-11-20T14:12:33","guid":{"rendered":"http:\/\/certiwsb.com\/?page_id=17"},"modified":"2020-10-13T12:59:10","modified_gmt":"2020-10-13T10:59:10","slug":"kompania","status":"publish","type":"page","link":"https:\/\/certiwsb.com\/sq\/kompania\/","title":{"rendered":"KOMPANIA"},"content":{"rendered":"<p><b>Kompania dhe akreditimet<\/b><\/p>\n<p>Certi W \u00ebsht\u00eb nj\u00eb kompani auditimi, \u00e7ertifikimi dhe inspektimi. Edhe vet\u00eb \u00e7ertifikimi i n\u00ebnshtrohet mbik\u00ebqyrjes. Edhe kompanit\u00eb e \u00e7ertifikimit kontrollohen nga autoritetet p\u00ebrkat\u00ebse. Certi W merr t\u00eb gjitha masat e nevojshme p\u00ebr t\u00eb p\u00ebrmbushur k\u00ebrkesat e pavar\u00ebsis\u00eb, kompetenc\u00ebs dhe paan\u00ebsis\u00eb. N\u00eb k\u00ebt\u00eb m\u00ebnyr\u00eb siguron besueshm\u00ebrin\u00eb e vendimeve t\u00eb saj.<\/p>\n<p class=\" translation-block\">Certi W \u00ebsht\u00eb organiz\u00ebm \u00e7ertifikues i akredituar nga Latak, ky I fundit an\u00ebtar i MLA. P\u00ebr informacion mbi akreditimin   <a href=\"https:\/\/www.latak.gov.lv\/index.php?option=com_institucijas&view=institucijas&type=S2&Itemid=461&lang=en\" target=\"_self\">ju lutem klikoni ketu.<\/a><\/p>\n<p>MLA \u00ebsht\u00eb nj\u00eb marr\u00ebveshje e n\u00ebnshkruar midis an\u00ebtar\u00ebve t\u00eb organeve t\u00eb \u00e7ertifikimit EA p\u00ebr t\u00eb njohur ekuivalenc\u00ebn, besueshm\u00ebrin\u00eb dhe rrjedhimisht \u00e7ertifikimin, inspektimet, \u00e7ertifikatat e akredituara  dhe raportet e provave n\u00eb t\u00eb gjith\u00eb Evrop\u00ebn.<\/p>\n<p>MLA jep besim n\u00eb sh\u00ebrbimet e ofruara nga laborator\u00ebt e akredituar, t\u00eb inspektimit dhe \u00e7ertifikimit, duke siguruar kalimin p\u00ebr produktet dhe sh\u00ebrbimet n\u00eb Evrop\u00eb dhe n\u00eb t\u00eb gjith\u00eb bot\u00ebn, duke vepruar si nj\u00eb \"pasaport\u00eb p\u00ebr tregtin\u00eb\". N\u00eb p\u00ebrputhje me k\u00ebrkesat e akreditimit q\u00eb synojn\u00eb t\u00eb garantojn\u00eb pavar\u00ebsin\u00eb dhe paan\u00ebsin\u00eb e pun\u00ebs s\u00eb tij, organizmi Certi W ka krijuar K\u00ebshillin Konsultativ i \u00c7ertifikimit.<\/p>\n<p>Ai mbik\u00ebqyr aktivitetet e \u00e7ertifikimit n\u00eb baz\u00eb t\u00eb pro\u00e7edurave, rregulloreve ose standardeve t\u00eb p\u00ebrfshira n\u00eb secilin entitet \u00e7ertifikues.<\/p>\n<p><b>\u00a0<\/b><\/p>\n<p><b>Politikat<\/b><\/p>\n<p><b>Q\u00ebllimet e Certi W jane:<\/b><\/p>\n<p>CEO i Certi W \u00ebsht\u00eb i vet\u00ebdijsh\u00ebm p\u00ebr nevoj\u00ebn p\u00ebr t'u ofruar klient\u00ebve t\u00eb tij nj\u00eb sh\u00ebrbim \u00e7ertifikimi t\u00eb dizajnuar p\u00ebr t\u00eb p\u00ebrmbushur pritshm\u00ebrit\u00eb e t\u00eb gjitha pal\u00ebve t\u00eb interesuara dhe i vendosur p\u00ebr t\u00eb marr\u00eb njohjen nd\u00ebrkomb\u00ebtare si nj\u00eb organ i pavarur \u00e7ertifikues, kompetent dhe i p\u00ebrgjegjsh\u00ebm, ka implementuar dhe mban aktiv nj\u00eb sistem menaxhimi ISO \/ IEC 17021-1. Nj\u00ebkoh\u00ebsisht, CEO i Certi W-it siguron pajtueshm\u00ebri t\u00eb plot\u00eb me legjislacionin aktual t\u00eb secilit vend, ku ai ofron sh\u00ebrbimet e tij.<\/p>\n<p>Ai merr p\u00ebrsip\u00ebr:<\/p>\n<p>-T\u00eb rris\u00eb kredibilietin e skem\u00ebs nd\u00ebrkomb\u00ebtare t\u00eb \u00e7ertifikimit;<br \/>\n-T\u00eb jet\u00eb lider n\u00eb Evrop\u00eb;<br \/>\n-T\u00eb kryej\u00eb n\u00eb m\u00ebnyr\u00eb t\u00eb pavarur dhe t\u00eb paanshme, vler\u00ebsimin dhe \u00e7ertifikimin e sistemeve t\u00eb menaxhimit, pro\u00e7eseve dhe sh\u00ebrbimeve p\u00ebr t\u00eb interesuarit n\u00eb p\u00ebrputhje me standardet e marra si referenc\u00eb dhe pa asnj\u00eb diskriminim, si\u00e7 p\u00ebrcaktohet nga ISO \/ IEC 17021-1.<\/p>\n<p>P\u00ebr t\u00eb arritur q\u00ebllimet e saj, Certi W mban vazhdimisht n\u00ebn mbik\u00ebqyrje zbatimin e t\u00eb gjitha pro\u00e7edurave t\u00eb kompanis\u00eb, duke siguruar monitorimin e tyre t\u00eb vazhduesh\u00ebm dhe p\u00ebrmir\u00ebsimin e sh\u00ebrbimeve t\u00eb saj dhe, p\u00ebr pasoj\u00eb, arritjen e tyre n\u00eb m\u00ebnyr\u00eb t\u00eb plot\u00eb p\u00ebr t\u00eb gjitha pal\u00ebt e interesuara.<\/p>","protected":false},"excerpt":{"rendered":"<p>Company and accreditations Certi W is a certification and inspection body. Certification is subject to supervision. Even the certification bodies are audited by the relevant authorities. Certi W takes all measures necessary to meet the requirements of independence, competence and impartiality. In this way ensures the reliability of its decisions. [&hellip;]<\/p>","protected":false},"author":1,"featured_media":0,"parent":0,"menu_order":0,"comment_status":"closed","ping_status":"closed","template":"","meta":[],"yoast_head":"<!-- This site is optimized with the Yoast SEO plugin v15.5 - https:\/\/yoast.com\/wordpress\/plugins\/seo\/ -->\n<title>Company - Certi W South Balkans<\/title>\n<meta name=\"robots\" content=\"index, follow, max-snippet:-1, max-image-preview:large, max-video-preview:-1\" \/>\n<link rel=\"canonical\" href=\"https:\/\/certiwsb.com\/sq\/kompania\/\" \/>\n<meta property=\"og:locale\" content=\"sq_AL\" \/>\n<meta property=\"og:type\" content=\"article\" \/>\n<meta property=\"og:title\" content=\"Company - Certi W South Balkans\" \/>\n<meta property=\"og:description\" content=\"Company and accreditations Certi W is a certification and inspection body. Certification is subject to supervision. Even the certification bodies are audited by the relevant authorities. Certi W takes all measures necessary to meet the requirements of independence, competence and impartiality. In this way ensures the reliability of its decisions. [&hellip;]\" \/>\n<meta property=\"og:url\" content=\"https:\/\/certiwsb.com\/sq\/kompania\/\" \/>\n<meta property=\"og:site_name\" content=\"Certi W South Balkans\" \/>\n<meta property=\"article:modified_time\" content=\"2020-10-13T10:59:10+00:00\" \/>\n<meta name=\"twitter:card\" content=\"summary_large_image\" \/>\n<meta name=\"twitter:label1\" content=\"Est. reading time\">\n\t<meta name=\"twitter:data1\" content=\"1 minut\u00eb\">\n<script type=\"application\/ld+json\" class=\"yoast-schema-graph\">{\"@context\":\"https:\/\/schema.org\",\"@graph\":[{\"@type\":\"WebSite\",\"@id\":\"https:\/\/certiwsb.com\/sq\/#website\",\"url\":\"https:\/\/certiwsb.com\/sq\/\",\"name\":\"Certi W South Balkans\",\"description\":\"\",\"potentialAction\":[{\"@type\":\"SearchAction\",\"target\":\"https:\/\/certiwsb.com\/sq\/?s={search_term_string}\",\"query-input\":\"required name=search_term_string\"}],\"inLanguage\":\"sq\"},{\"@type\":\"WebPage\",\"@id\":\"https:\/\/certiwsb.com\/kompania\/#webpage\",\"url\":\"https:\/\/certiwsb.com\/kompania\/\",\"name\":\"Company - Certi W South Balkans\",\"isPartOf\":{\"@id\":\"https:\/\/certiwsb.com\/sq\/#website\"},\"datePublished\":\"2013-11-20T14:12:33+00:00\",\"dateModified\":\"2020-10-13T10:59:10+00:00\",\"inLanguage\":\"sq\",\"potentialAction\":[{\"@type\":\"ReadAction\",\"target\":[\"https:\/\/certiwsb.com\/kompania\/\"]}]}]}<\/script>\n<!-- \/ Yoast SEO plugin. -->","_links":{"self":[{"href":"https:\/\/certiwsb.com\/sq\/wp-json\/wp\/v2\/pages\/17"}],"collection":[{"href":"https:\/\/certiwsb.com\/sq\/wp-json\/wp\/v2\/pages"}],"about":[{"href":"https:\/\/certiwsb.com\/sq\/wp-json\/wp\/v2\/types\/page"}],"author":[{"embeddable":true,"href":"https:\/\/certiwsb.com\/sq\/wp-json\/wp\/v2\/users\/1"}],"replies":[{"embeddable":true,"href":"https:\/\/certiwsb.com\/sq\/wp-json\/wp\/v2\/comments?post=17"}],"version-history":[{"count":9,"href":"https:\/\/certiwsb.com\/sq\/wp-json\/wp\/v2\/pages\/17\/revisions"}],"predecessor-version":[{"id":4541,"href":"https:\/\/certiwsb.com\/sq\/wp-json\/wp\/v2\/pages\/17\/revisions\/4541"}],"wp:attachment":[{"href":"https:\/\/certiwsb.com\/sq\/wp-json\/wp\/v2\/media?parent=17"}],"curies":[{"name":"wp","href":"https:\/\/api.w.org\/{rel}","templated":true}]}}