{"id":1701,"date":"2015-06-11T09:24:38","date_gmt":"2015-06-11T09:24:38","guid":{"rendered":"http:\/\/certiwsb.com\/?page_id=1701"},"modified":"2018-06-21T11:09:43","modified_gmt":"2018-06-21T09:09:43","slug":"agri-food","status":"publish","type":"page","link":"https:\/\/certiwsb.com\/sq\/agri-food\/","title":{"rendered":"Ushqimi"},"content":{"rendered":"<p>Cil\u00ebsia ka qen\u00eb gjithmon\u00eb nj\u00eb fush\u00eb e r\u00ebnd\u00ebsishme p\u00ebr p\u00ebrcaktimin e strategjive p\u00ebr zhvillimin e sistemit prodhues, forcimin e konkurrenc\u00ebs s\u00eb nd\u00ebrmarrjeve dhe promovimin e rritjes s\u00eb konsumit, kjo gjithmon\u00eb e lidhur me aspektet e siguris\u00eb dhe mbrojtjes s\u00eb sh\u00ebndetit.<\/p>\n<p>P\u00ebrqasja e \u00e7ertifikimit n\u00eb sektorin agro-ushqimor karakterizohet nga pyetje specifike p\u00ebr t'u p\u00ebrgjigjur, nga tregu n\u00eb p\u00ebrgjith\u00ebsi dhe konsumatori n\u00eb fund.<\/p>\n<p>N\u00eb rastin specifik t\u00eb industris\u00eb ushqimore ka nj\u00eb rezultat: siguria e produktit p\u00ebr konsum. Kujdesi p\u00ebr k\u00ebt\u00eb k\u00ebrkes\u00eb themelore, e cila i jep asaj nj\u00eb r\u00ebnd\u00ebsi strategjike p\u00ebr aspektet sanitare n\u00eb nj\u00eb mjedis biznesi, \u00ebsht\u00eb e arritshme fal\u00eb njohurive shkencore dhe aplikacioneve teknologjike q\u00eb vet\u00ebm nj\u00eb logjik\u00eb \"industriale\" ka qen\u00eb n\u00eb gjendje t\u00eb zhvilloj\u00eb.<\/p>","protected":false},"excerpt":{"rendered":"<p>Quality has always been an important arena for determining the strategies to be adopted for the development of the productive system, strengthen the competitiveness of enterprises and promote the growth of consumption is not detached from the aspects of safety and health protection. The approach to certification in the agro-food [&hellip;]<\/p>","protected":false},"author":1,"featured_media":0,"parent":0,"menu_order":0,"comment_status":"closed","ping_status":"closed","template":"","meta":[],"yoast_head":"<!-- This site is optimized with the Yoast SEO plugin v15.5 - https:\/\/yoast.com\/wordpress\/plugins\/seo\/ -->\n<title>Agri-food - Certi W South Balkans<\/title>\n<meta name=\"robots\" content=\"index, follow, max-snippet:-1, max-image-preview:large, max-video-preview:-1\" \/>\n<link rel=\"canonical\" href=\"https:\/\/certiwsb.com\/sq\/agri-food\/\" \/>\n<meta property=\"og:locale\" content=\"sq_AL\" \/>\n<meta property=\"og:type\" content=\"article\" \/>\n<meta property=\"og:title\" content=\"Agri-food - Certi W South Balkans\" \/>\n<meta property=\"og:description\" content=\"Quality has always been an important arena for determining the strategies to be adopted for the development of the productive system, strengthen the competitiveness of enterprises and promote the growth of consumption is not detached from the aspects of safety and health protection. The approach to certification in the agro-food [&hellip;]\" \/>\n<meta property=\"og:url\" content=\"https:\/\/certiwsb.com\/sq\/agri-food\/\" \/>\n<meta property=\"og:site_name\" content=\"Certi W South Balkans\" \/>\n<meta property=\"article:modified_time\" content=\"2018-06-21T09:09:43+00:00\" \/>\n<meta name=\"twitter:card\" content=\"summary_large_image\" \/>\n<meta name=\"twitter:label1\" content=\"Est. reading time\">\n\t<meta name=\"twitter:data1\" content=\"1 minut\u00eb\">\n<script type=\"application\/ld+json\" class=\"yoast-schema-graph\">{\"@context\":\"https:\/\/schema.org\",\"@graph\":[{\"@type\":\"WebSite\",\"@id\":\"https:\/\/certiwsb.com\/sq\/#website\",\"url\":\"https:\/\/certiwsb.com\/sq\/\",\"name\":\"Certi W South Balkans\",\"description\":\"\",\"potentialAction\":[{\"@type\":\"SearchAction\",\"target\":\"https:\/\/certiwsb.com\/sq\/?s={search_term_string}\",\"query-input\":\"required name=search_term_string\"}],\"inLanguage\":\"sq\"},{\"@type\":\"WebPage\",\"@id\":\"https:\/\/certiwsb.com\/agri-food\/#webpage\",\"url\":\"https:\/\/certiwsb.com\/agri-food\/\",\"name\":\"Agri-food - Certi W South Balkans\",\"isPartOf\":{\"@id\":\"https:\/\/certiwsb.com\/sq\/#website\"},\"datePublished\":\"2015-06-11T09:24:38+00:00\",\"dateModified\":\"2018-06-21T09:09:43+00:00\",\"inLanguage\":\"sq\",\"potentialAction\":[{\"@type\":\"ReadAction\",\"target\":[\"https:\/\/certiwsb.com\/agri-food\/\"]}]}]}<\/script>\n<!-- \/ Yoast SEO plugin. -->","_links":{"self":[{"href":"https:\/\/certiwsb.com\/sq\/wp-json\/wp\/v2\/pages\/1701"}],"collection":[{"href":"https:\/\/certiwsb.com\/sq\/wp-json\/wp\/v2\/pages"}],"about":[{"href":"https:\/\/certiwsb.com\/sq\/wp-json\/wp\/v2\/types\/page"}],"author":[{"embeddable":true,"href":"https:\/\/certiwsb.com\/sq\/wp-json\/wp\/v2\/users\/1"}],"replies":[{"embeddable":true,"href":"https:\/\/certiwsb.com\/sq\/wp-json\/wp\/v2\/comments?post=1701"}],"version-history":[{"count":2,"href":"https:\/\/certiwsb.com\/sq\/wp-json\/wp\/v2\/pages\/1701\/revisions"}],"predecessor-version":[{"id":1736,"href":"https:\/\/certiwsb.com\/sq\/wp-json\/wp\/v2\/pages\/1701\/revisions\/1736"}],"wp:attachment":[{"href":"https:\/\/certiwsb.com\/sq\/wp-json\/wp\/v2\/media?parent=1701"}],"curies":[{"name":"wp","href":"https:\/\/api.w.org\/{rel}","templated":true}]}}