{"id":1703,"date":"2015-06-11T09:25:01","date_gmt":"2015-06-11T09:25:01","guid":{"rendered":"http:\/\/certiwsb.com\/?page_id=1703"},"modified":"2018-06-21T11:10:16","modified_gmt":"2018-06-21T09:10:16","slug":"construction","status":"publish","type":"page","link":"https:\/\/certiwsb.com\/sq\/construction\/","title":{"rendered":"Nd\u00ebrtimi"},"content":{"rendered":"<p>Risit\u00eb n\u00eb pro\u00e7ese, materiale, zgjidhje teknologjike dhe konstruktive, p\u00ebrfaq\u00ebsojn\u00eb nj\u00eb zgjedhje t\u00eb r\u00ebnd\u00ebsishme p\u00ebr  nd\u00ebrtesat e reja, p\u00ebr trash\u00ebgimin\u00eb n\u00eb nd\u00ebrtim, p\u00ebr zgjidhjet ekzistuese t\u00eb projektimit dhe nd\u00ebrhyrjet energjitike t\u00eb integruara n\u00eb nj\u00eb kontekst m\u00eb t\u00eb p\u00ebrgjithsh\u00ebm t\u00eb q\u00ebndrueshm\u00ebris\u00eb s\u00eb nd\u00ebrtes\u00ebs.<\/p>","protected":false},"excerpt":{"rendered":"<p>Risit\u00eb n\u00eb pro\u00e7ese, materiale, zgjidhje teknologjike dhe konstruktive, p\u00ebrfaq\u00ebsojn\u00eb nj\u00eb zgjedhje t\u00eb r\u00ebnd\u00ebsishme p\u00ebr  nd\u00ebrtesat e reja, p\u00ebr trash\u00ebgimin\u00eb n\u00eb nd\u00ebrtim, p\u00ebr zgjidhjet ekzistuese t\u00eb projektimit dhe nd\u00ebrhyrjet energjitike t\u00eb integruara n\u00eb nj\u00eb kontekst m\u00eb t\u00eb p\u00ebrgjithsh\u00ebm t\u00eb q\u00ebndrueshm\u00ebris\u00eb s\u00eb nd\u00ebrtes\u00ebs.<\/p>","protected":false},"author":1,"featured_media":0,"parent":0,"menu_order":0,"comment_status":"closed","ping_status":"closed","template":"","meta":[],"yoast_head":"<!-- This site is optimized with the Yoast SEO plugin v15.5 - https:\/\/yoast.com\/wordpress\/plugins\/seo\/ -->\n<title>Construction - Certi W South Balkans<\/title>\n<meta name=\"robots\" content=\"index, follow, max-snippet:-1, max-image-preview:large, max-video-preview:-1\" \/>\n<link rel=\"canonical\" href=\"https:\/\/certiwsb.com\/sq\/construction\/\" \/>\n<meta property=\"og:locale\" content=\"sq_AL\" \/>\n<meta property=\"og:type\" content=\"article\" \/>\n<meta property=\"og:title\" content=\"Construction - Certi W South Balkans\" \/>\n<meta property=\"og:description\" content=\"Innovation in processes,\u00a0 materials, technology solutions and\u00a0 constructive, represents a\u00a0 obvious choice for both new\u00a0 buildings, for the built heritage, for existing design solutions \u00a0and energy interventions \u00a0integrated in a more general context\u00a0 of sustainability of the building.\" \/>\n<meta property=\"og:url\" content=\"https:\/\/certiwsb.com\/sq\/construction\/\" \/>\n<meta property=\"og:site_name\" content=\"Certi W South Balkans\" \/>\n<meta property=\"article:modified_time\" content=\"2018-06-21T09:10:16+00:00\" \/>\n<meta name=\"twitter:card\" content=\"summary_large_image\" \/>\n<meta name=\"twitter:label1\" content=\"Est. reading time\">\n\t<meta name=\"twitter:data1\" content=\"0 minuta\">\n<script type=\"application\/ld+json\" class=\"yoast-schema-graph\">{\"@context\":\"https:\/\/schema.org\",\"@graph\":[{\"@type\":\"WebSite\",\"@id\":\"https:\/\/certiwsb.com\/sq\/#website\",\"url\":\"https:\/\/certiwsb.com\/sq\/\",\"name\":\"Certi W South Balkans\",\"description\":\"\",\"potentialAction\":[{\"@type\":\"SearchAction\",\"target\":\"https:\/\/certiwsb.com\/sq\/?s={search_term_string}\",\"query-input\":\"required name=search_term_string\"}],\"inLanguage\":\"sq\"},{\"@type\":\"WebPage\",\"@id\":\"https:\/\/certiwsb.com\/construction\/#webpage\",\"url\":\"https:\/\/certiwsb.com\/construction\/\",\"name\":\"Construction - Certi W South Balkans\",\"isPartOf\":{\"@id\":\"https:\/\/certiwsb.com\/sq\/#website\"},\"datePublished\":\"2015-06-11T09:25:01+00:00\",\"dateModified\":\"2018-06-21T09:10:16+00:00\",\"inLanguage\":\"sq\",\"potentialAction\":[{\"@type\":\"ReadAction\",\"target\":[\"https:\/\/certiwsb.com\/construction\/\"]}]}]}<\/script>\n<!-- \/ Yoast SEO plugin. -->","_links":{"self":[{"href":"https:\/\/certiwsb.com\/sq\/wp-json\/wp\/v2\/pages\/1703"}],"collection":[{"href":"https:\/\/certiwsb.com\/sq\/wp-json\/wp\/v2\/pages"}],"about":[{"href":"https:\/\/certiwsb.com\/sq\/wp-json\/wp\/v2\/types\/page"}],"author":[{"embeddable":true,"href":"https:\/\/certiwsb.com\/sq\/wp-json\/wp\/v2\/users\/1"}],"replies":[{"embeddable":true,"href":"https:\/\/certiwsb.com\/sq\/wp-json\/wp\/v2\/comments?post=1703"}],"version-history":[{"count":3,"href":"https:\/\/certiwsb.com\/sq\/wp-json\/wp\/v2\/pages\/1703\/revisions"}],"predecessor-version":[{"id":1868,"href":"https:\/\/certiwsb.com\/sq\/wp-json\/wp\/v2\/pages\/1703\/revisions\/1868"}],"wp:attachment":[{"href":"https:\/\/certiwsb.com\/sq\/wp-json\/wp\/v2\/media?parent=1703"}],"curies":[{"name":"wp","href":"https:\/\/api.w.org\/{rel}","templated":true}]}}