{"id":1705,"date":"2015-06-11T09:25:14","date_gmt":"2015-06-11T09:25:14","guid":{"rendered":"http:\/\/certiwsb.com\/?page_id=1705"},"modified":"2018-06-21T11:11:19","modified_gmt":"2018-06-21T09:11:19","slug":"health-care","status":"publish","type":"page","link":"https:\/\/certiwsb.com\/sq\/health-care\/","title":{"rendered":"Kujdesi p\u00ebr sh\u00ebndetin"},"content":{"rendered":"<p>P\u00ebr vite, n\u00eb sektorin e kujdesit sh\u00ebndet\u00ebsor \u00ebsht\u00eb v\u00ebn\u00eb re nj\u00eb fokus n\u00eb rritje n\u00eb menaxhimin efikas dhe n\u00eb t\u00eb nj\u00ebjt\u00ebn koh\u00eb n\u00eb respekt t\u00eb nevojave t\u00eb pacient\u00ebve. Kjo vjen nga nevoja p\u00ebr t\u00eb kombinuar rritjen e aft\u00ebsive dhe teknologjive biomjek\u00ebsore me zvog\u00eblimin progresiv t\u00eb burimeve t\u00eb disponueshme ekonomike dhe nevoj\u00ebn p\u00ebr t'iu p\u00ebrgjigjur n\u00eb m\u00ebnyr\u00eb t\u00eb p\u00ebrshtatshme pyetjeve t\u00eb krijuara nga rritja e nd\u00ebrgjegj\u00ebsimit t\u00eb pacient\u00ebve ndaj t\u00eb drejtave t\u00eb tyre.<\/p>\n<p>Nga kontakti me profesionist\u00ebt lindi iniciativa p\u00ebr dije dhe projekt ide q\u00eb u konsoliduan me kalimin e koh\u00ebs duke na mund\u00ebsuar t\u00eb zhvillojm\u00eb sh\u00ebrbime inovative q\u00eb integrojn\u00eb vler\u00ebsimin e performanc\u00ebs s\u00eb institucioneve sh\u00ebndet\u00ebsore n\u00eb favor t\u00eb p\u00ebrsosm\u00ebris\u00eb.<\/p>","protected":false},"excerpt":{"rendered":"<p>For years, it is noted in the healthcare sector a growing focus on efficient management, and at the same time respectful of the needs of patients. This is resulting from the need to combine the upgrading of skills and biomedical technologies with the progressive reduction of available economic resources, and [&hellip;]<\/p>","protected":false},"author":1,"featured_media":0,"parent":0,"menu_order":0,"comment_status":"closed","ping_status":"closed","template":"","meta":[],"yoast_head":"<!-- This site is optimized with the Yoast SEO plugin v15.5 - https:\/\/yoast.com\/wordpress\/plugins\/seo\/ -->\n<title>Health care - Certi W South Balkans<\/title>\n<meta name=\"robots\" content=\"index, follow, max-snippet:-1, max-image-preview:large, max-video-preview:-1\" \/>\n<link rel=\"canonical\" href=\"https:\/\/certiwsb.com\/sq\/health-care\/\" \/>\n<meta property=\"og:locale\" content=\"sq_AL\" \/>\n<meta property=\"og:type\" content=\"article\" \/>\n<meta property=\"og:title\" content=\"Health care - Certi W South Balkans\" \/>\n<meta property=\"og:description\" content=\"For years, it is noted in the healthcare sector a growing focus on efficient management, and at the same time respectful of the needs of patients. This is resulting from the need to combine the upgrading of skills and biomedical technologies with the progressive reduction of available economic resources, and [&hellip;]\" \/>\n<meta property=\"og:url\" content=\"https:\/\/certiwsb.com\/sq\/health-care\/\" \/>\n<meta property=\"og:site_name\" content=\"Certi W South Balkans\" \/>\n<meta property=\"article:modified_time\" content=\"2018-06-21T09:11:19+00:00\" \/>\n<meta name=\"twitter:card\" content=\"summary_large_image\" \/>\n<meta name=\"twitter:label1\" content=\"Est. reading time\">\n\t<meta name=\"twitter:data1\" content=\"0 minuta\">\n<script type=\"application\/ld+json\" class=\"yoast-schema-graph\">{\"@context\":\"https:\/\/schema.org\",\"@graph\":[{\"@type\":\"WebSite\",\"@id\":\"https:\/\/certiwsb.com\/sq\/#website\",\"url\":\"https:\/\/certiwsb.com\/sq\/\",\"name\":\"Certi W South Balkans\",\"description\":\"\",\"potentialAction\":[{\"@type\":\"SearchAction\",\"target\":\"https:\/\/certiwsb.com\/sq\/?s={search_term_string}\",\"query-input\":\"required name=search_term_string\"}],\"inLanguage\":\"sq\"},{\"@type\":\"WebPage\",\"@id\":\"https:\/\/certiwsb.com\/health-care\/#webpage\",\"url\":\"https:\/\/certiwsb.com\/health-care\/\",\"name\":\"Health care - Certi W South Balkans\",\"isPartOf\":{\"@id\":\"https:\/\/certiwsb.com\/sq\/#website\"},\"datePublished\":\"2015-06-11T09:25:14+00:00\",\"dateModified\":\"2018-06-21T09:11:19+00:00\",\"inLanguage\":\"sq\",\"potentialAction\":[{\"@type\":\"ReadAction\",\"target\":[\"https:\/\/certiwsb.com\/health-care\/\"]}]}]}<\/script>\n<!-- \/ Yoast SEO plugin. -->","_links":{"self":[{"href":"https:\/\/certiwsb.com\/sq\/wp-json\/wp\/v2\/pages\/1705"}],"collection":[{"href":"https:\/\/certiwsb.com\/sq\/wp-json\/wp\/v2\/pages"}],"about":[{"href":"https:\/\/certiwsb.com\/sq\/wp-json\/wp\/v2\/types\/page"}],"author":[{"embeddable":true,"href":"https:\/\/certiwsb.com\/sq\/wp-json\/wp\/v2\/users\/1"}],"replies":[{"embeddable":true,"href":"https:\/\/certiwsb.com\/sq\/wp-json\/wp\/v2\/comments?post=1705"}],"version-history":[{"count":2,"href":"https:\/\/certiwsb.com\/sq\/wp-json\/wp\/v2\/pages\/1705\/revisions"}],"predecessor-version":[{"id":1738,"href":"https:\/\/certiwsb.com\/sq\/wp-json\/wp\/v2\/pages\/1705\/revisions\/1738"}],"wp:attachment":[{"href":"https:\/\/certiwsb.com\/sq\/wp-json\/wp\/v2\/media?parent=1705"}],"curies":[{"name":"wp","href":"https:\/\/api.w.org\/{rel}","templated":true}]}}