{"id":1707,"date":"2015-06-11T09:25:35","date_gmt":"2015-06-11T09:25:35","guid":{"rendered":"http:\/\/certiwsb.com\/?page_id=1707"},"modified":"2018-06-21T11:13:26","modified_gmt":"2018-06-21T09:13:26","slug":"transport-and-infrastructure","status":"publish","type":"page","link":"https:\/\/certiwsb.com\/sq\/transport-and-infrastructure\/","title":{"rendered":"Transporti dhe Infrastruktura"},"content":{"rendered":"<p>Sistemet e transportit kan\u00eb nj\u00eb rol kryesor n\u00eb promovimin e urbanizimit dhe mb\u00ebshtesin zhvillimin ekonomik. \u00c7do projekt k\u00ebrkon planifikim t\u00eb kujdessh\u00ebm dhe njohuri teknike nd\u00ebrdisiplinore, p\u00ebr t\u00eb siguruar q\u00eb rezultati do t'i rezistoj\u00eb d\u00ebmtimeve t\u00eb koh\u00ebs dhe fenomeneve t\u00eb motit.<\/p>\n<p>Aplikimi i nj\u00eb programi t\u00eb inspektimeve periodike mund t\u00eb zgjas\u00eb jet\u00ebn e infrastruktur\u00ebs duke identifikuar masat e nevojshme urgjente t\u00eb mir\u00ebmbajtjes para se d\u00ebmi t\u00eb b\u00ebhet i pakthyesh\u00ebm. \u00c7ertifikimi i jep industris\u00eb sigurin\u00eb se projektet e tyre p\u00ebrputhen me standardet kryesore komb\u00ebtare dhe nd\u00ebrkomb\u00ebtare dhe q\u00eb materialet e p\u00ebrdorura p\u00ebrmbushin k\u00ebrkesat specifike.<\/p>","protected":false},"excerpt":{"rendered":"<p>Transport systems have a key role in promoting the urbanization and support economic development. Each project requires careful planning and technical know-how interdisciplinary, to ensure that the result will withstand the ravages of time and weather phenomena. A program of periodic inspections can lengthen the life of infrastructure, identifying urgently [&hellip;]<\/p>","protected":false},"author":1,"featured_media":0,"parent":0,"menu_order":0,"comment_status":"closed","ping_status":"closed","template":"","meta":[],"yoast_head":"<!-- This site is optimized with the Yoast SEO plugin v15.5 - https:\/\/yoast.com\/wordpress\/plugins\/seo\/ -->\n<title>Transport and Infrastructure - Certi W South Balkans<\/title>\n<meta name=\"robots\" content=\"index, follow, max-snippet:-1, max-image-preview:large, max-video-preview:-1\" \/>\n<link rel=\"canonical\" href=\"https:\/\/certiwsb.com\/sq\/transport-and-infrastructure\/\" \/>\n<meta property=\"og:locale\" content=\"sq_AL\" \/>\n<meta property=\"og:type\" content=\"article\" \/>\n<meta property=\"og:title\" content=\"Transport and Infrastructure - Certi W South Balkans\" \/>\n<meta property=\"og:description\" content=\"Transport systems have a key role in promoting the urbanization and support economic development. Each project requires careful planning and technical know-how interdisciplinary, to ensure that the result will withstand the ravages of time and weather phenomena. A program of periodic inspections can lengthen the life of infrastructure, identifying urgently [&hellip;]\" \/>\n<meta property=\"og:url\" content=\"https:\/\/certiwsb.com\/sq\/transport-and-infrastructure\/\" \/>\n<meta property=\"og:site_name\" content=\"Certi W South Balkans\" \/>\n<meta property=\"article:modified_time\" content=\"2018-06-21T09:13:26+00:00\" \/>\n<meta name=\"twitter:card\" content=\"summary_large_image\" \/>\n<meta name=\"twitter:label1\" content=\"Est. reading time\">\n\t<meta name=\"twitter:data1\" content=\"0 minuta\">\n<script type=\"application\/ld+json\" class=\"yoast-schema-graph\">{\"@context\":\"https:\/\/schema.org\",\"@graph\":[{\"@type\":\"WebSite\",\"@id\":\"https:\/\/certiwsb.com\/sq\/#website\",\"url\":\"https:\/\/certiwsb.com\/sq\/\",\"name\":\"Certi W South Balkans\",\"description\":\"\",\"potentialAction\":[{\"@type\":\"SearchAction\",\"target\":\"https:\/\/certiwsb.com\/sq\/?s={search_term_string}\",\"query-input\":\"required name=search_term_string\"}],\"inLanguage\":\"sq\"},{\"@type\":\"WebPage\",\"@id\":\"https:\/\/certiwsb.com\/transport-and-infrastructure\/#webpage\",\"url\":\"https:\/\/certiwsb.com\/transport-and-infrastructure\/\",\"name\":\"Transport and Infrastructure - Certi W South Balkans\",\"isPartOf\":{\"@id\":\"https:\/\/certiwsb.com\/sq\/#website\"},\"datePublished\":\"2015-06-11T09:25:35+00:00\",\"dateModified\":\"2018-06-21T09:13:26+00:00\",\"inLanguage\":\"sq\",\"potentialAction\":[{\"@type\":\"ReadAction\",\"target\":[\"https:\/\/certiwsb.com\/transport-and-infrastructure\/\"]}]}]}<\/script>\n<!-- \/ Yoast SEO plugin. -->","_links":{"self":[{"href":"https:\/\/certiwsb.com\/sq\/wp-json\/wp\/v2\/pages\/1707"}],"collection":[{"href":"https:\/\/certiwsb.com\/sq\/wp-json\/wp\/v2\/pages"}],"about":[{"href":"https:\/\/certiwsb.com\/sq\/wp-json\/wp\/v2\/types\/page"}],"author":[{"embeddable":true,"href":"https:\/\/certiwsb.com\/sq\/wp-json\/wp\/v2\/users\/1"}],"replies":[{"embeddable":true,"href":"https:\/\/certiwsb.com\/sq\/wp-json\/wp\/v2\/comments?post=1707"}],"version-history":[{"count":3,"href":"https:\/\/certiwsb.com\/sq\/wp-json\/wp\/v2\/pages\/1707\/revisions"}],"predecessor-version":[{"id":4542,"href":"https:\/\/certiwsb.com\/sq\/wp-json\/wp\/v2\/pages\/1707\/revisions\/4542"}],"wp:attachment":[{"href":"https:\/\/certiwsb.com\/sq\/wp-json\/wp\/v2\/media?parent=1707"}],"curies":[{"name":"wp","href":"https:\/\/api.w.org\/{rel}","templated":true}]}}