{"id":1709,"date":"2015-06-11T09:25:49","date_gmt":"2015-06-11T09:25:49","guid":{"rendered":"http:\/\/certiwsb.com\/?page_id=1709"},"modified":"2018-06-21T11:12:09","modified_gmt":"2018-06-21T09:12:09","slug":"oil-and-gas","status":"publish","type":"page","link":"https:\/\/certiwsb.com\/sq\/oil-and-gas\/","title":{"rendered":"Nafta dhe Gazi"},"content":{"rendered":"<p>Certi W ofron sh\u00ebrbime t\u00eb \u00e7ertifikimit p\u00ebr operator\u00ebt dhe kompanit\u00eb inxhinierike p\u00ebr t\u00eb siguruar cil\u00ebsin\u00eb, sigurin\u00eb, pajtueshm\u00ebrin\u00eb me sistemet mjedisore, pro\u00e7eset dhe sistemet e menaxhimit. Aktivitetet menaxhohen nga nj\u00eb menaxher i projektit i cili shoq\u00ebrohet nga nj\u00eb grup inxhinierie.<\/p>\n<p>&nbsp;<\/p>\n<p>&nbsp;<\/p>","protected":false},"excerpt":{"rendered":"<p>Certi W offers certification services to operators and engineering companies to ensure the quality, safety, compliance and environmental systems, processes and management systems. The activities are managed by a project manager which is accompanied by a group of engineering, construction and commissioning of the network and the inspection is distributed [&hellip;]<\/p>","protected":false},"author":1,"featured_media":0,"parent":0,"menu_order":0,"comment_status":"closed","ping_status":"closed","template":"","meta":[],"yoast_head":"<!-- This site is optimized with the Yoast SEO plugin v15.5 - https:\/\/yoast.com\/wordpress\/plugins\/seo\/ -->\n<title>Oil and Gas - Certi W South Balkans<\/title>\n<meta name=\"robots\" content=\"index, follow, max-snippet:-1, max-image-preview:large, max-video-preview:-1\" \/>\n<link rel=\"canonical\" href=\"https:\/\/certiwsb.com\/sq\/oil-and-gas\/\" \/>\n<meta property=\"og:locale\" content=\"sq_AL\" \/>\n<meta property=\"og:type\" content=\"article\" \/>\n<meta property=\"og:title\" content=\"Oil and Gas - Certi W South Balkans\" \/>\n<meta property=\"og:description\" content=\"Certi W offers certification services to operators and engineering companies to ensure the quality, safety, compliance and environmental systems, processes and management systems. The activities are managed by a project manager which is accompanied by a group of engineering, construction and commissioning of the network and the inspection is distributed [&hellip;]\" \/>\n<meta property=\"og:url\" content=\"https:\/\/certiwsb.com\/sq\/oil-and-gas\/\" \/>\n<meta property=\"og:site_name\" content=\"Certi W South Balkans\" \/>\n<meta property=\"article:modified_time\" content=\"2018-06-21T09:12:09+00:00\" \/>\n<meta name=\"twitter:card\" content=\"summary_large_image\" \/>\n<meta name=\"twitter:label1\" content=\"Est. reading time\">\n\t<meta name=\"twitter:data1\" content=\"0 minuta\">\n<script type=\"application\/ld+json\" class=\"yoast-schema-graph\">{\"@context\":\"https:\/\/schema.org\",\"@graph\":[{\"@type\":\"WebSite\",\"@id\":\"https:\/\/certiwsb.com\/sq\/#website\",\"url\":\"https:\/\/certiwsb.com\/sq\/\",\"name\":\"Certi W South Balkans\",\"description\":\"\",\"potentialAction\":[{\"@type\":\"SearchAction\",\"target\":\"https:\/\/certiwsb.com\/sq\/?s={search_term_string}\",\"query-input\":\"required name=search_term_string\"}],\"inLanguage\":\"sq\"},{\"@type\":\"WebPage\",\"@id\":\"https:\/\/certiwsb.com\/oil-and-gas\/#webpage\",\"url\":\"https:\/\/certiwsb.com\/oil-and-gas\/\",\"name\":\"Oil and Gas - Certi W South Balkans\",\"isPartOf\":{\"@id\":\"https:\/\/certiwsb.com\/sq\/#website\"},\"datePublished\":\"2015-06-11T09:25:49+00:00\",\"dateModified\":\"2018-06-21T09:12:09+00:00\",\"inLanguage\":\"sq\",\"potentialAction\":[{\"@type\":\"ReadAction\",\"target\":[\"https:\/\/certiwsb.com\/oil-and-gas\/\"]}]}]}<\/script>\n<!-- \/ Yoast SEO plugin. -->","_links":{"self":[{"href":"https:\/\/certiwsb.com\/sq\/wp-json\/wp\/v2\/pages\/1709"}],"collection":[{"href":"https:\/\/certiwsb.com\/sq\/wp-json\/wp\/v2\/pages"}],"about":[{"href":"https:\/\/certiwsb.com\/sq\/wp-json\/wp\/v2\/types\/page"}],"author":[{"embeddable":true,"href":"https:\/\/certiwsb.com\/sq\/wp-json\/wp\/v2\/users\/1"}],"replies":[{"embeddable":true,"href":"https:\/\/certiwsb.com\/sq\/wp-json\/wp\/v2\/comments?post=1709"}],"version-history":[{"count":4,"href":"https:\/\/certiwsb.com\/sq\/wp-json\/wp\/v2\/pages\/1709\/revisions"}],"predecessor-version":[{"id":2516,"href":"https:\/\/certiwsb.com\/sq\/wp-json\/wp\/v2\/pages\/1709\/revisions\/2516"}],"wp:attachment":[{"href":"https:\/\/certiwsb.com\/sq\/wp-json\/wp\/v2\/media?parent=1709"}],"curies":[{"name":"wp","href":"https:\/\/api.w.org\/{rel}","templated":true}]}}