{"id":1711,"date":"2015-06-11T09:26:07","date_gmt":"2015-06-11T09:26:07","guid":{"rendered":"http:\/\/certiwsb.com\/?page_id=1711"},"modified":"2018-06-21T11:12:20","modified_gmt":"2018-06-21T09:12:20","slug":"process-industries","status":"publish","type":"page","link":"https:\/\/certiwsb.com\/sq\/process-industries\/","title":{"rendered":"Industria"},"content":{"rendered":"<p>Industrit\u00eb e Pro\u00e7esit k\u00ebrkojn\u00eb zgjidhje izoluese p\u00ebr nj\u00eb koh\u00eb t\u00eb gjat\u00eb pa nevoj\u00eb p\u00ebr mir\u00ebmbajtje dhe me efi\u00e7ienc\u00eb t\u00eb energjis\u00eb. T\u00eb gjitha zgjidhjet e p\u00ebrfshira n\u00eb pro\u00e7ese duhet t\u00eb jen\u00eb t\u00eb besueshme, t\u00eb q\u00ebndrueshme dhe t\u00eb sigurta. \u00cbsht\u00eb e r\u00ebnd\u00ebsishme q\u00eb kthimi i kapitalit t\u00eb investuar n\u00eb pro\u00e7ese t\u00eb kryhet gjat\u00eb ciklit t\u00eb tij jet\u00ebsor si\u00e7 \u00ebsht\u00eb planifikuar, pa humbje t\u00eb shkaktuara nga keqfunksionimet.<\/p>","protected":false},"excerpt":{"rendered":"<p>Industrit\u00eb e Pro\u00e7esit k\u00ebrkojn\u00eb zgjidhje izoluese p\u00ebr nj\u00eb koh\u00eb t\u00eb gjat\u00eb pa nevoj\u00eb p\u00ebr mir\u00ebmbajtje dhe me efi\u00e7ienc\u00eb t\u00eb energjis\u00eb. T\u00eb gjitha zgjidhjet e p\u00ebrfshira n\u00eb pro\u00e7ese duhet t\u00eb jen\u00eb t\u00eb besueshme, t\u00eb q\u00ebndrueshme dhe t\u00eb sigurta. \u00cbsht\u00eb e r\u00ebnd\u00ebsishme q\u00eb kthimi i kapitalit t\u00eb investuar n\u00eb pro\u00e7ese t\u00eb kryhet gjat\u00eb ciklit t\u00eb tij jet\u00ebsor si\u00e7 \u00ebsht\u00eb planifikuar, pa humbje t\u00eb shkaktuara nga keqfunksionimet.<\/p>","protected":false},"author":1,"featured_media":0,"parent":0,"menu_order":0,"comment_status":"closed","ping_status":"closed","template":"","meta":[],"yoast_head":"<!-- This site is optimized with the Yoast SEO plugin v15.5 - https:\/\/yoast.com\/wordpress\/plugins\/seo\/ -->\n<title>Process Industries - Certi W South Balkans<\/title>\n<meta name=\"robots\" content=\"index, follow, max-snippet:-1, max-image-preview:large, max-video-preview:-1\" \/>\n<link rel=\"canonical\" href=\"https:\/\/certiwsb.com\/sq\/process-industries\/\" \/>\n<meta property=\"og:locale\" content=\"sq_AL\" \/>\n<meta property=\"og:type\" content=\"article\" \/>\n<meta property=\"og:title\" content=\"Process Industries - Certi W South Balkans\" \/>\n<meta property=\"og:description\" content=\"The Process Industries require insulation solutions for long-lasting, maintenance-free and energy efficient. All solutions involved in the processes must be reliable, durable and safe. It is important that the return on capital invested in the process is carried out during its life cycle as planned, without losses caused by malfunctions.\" \/>\n<meta property=\"og:url\" content=\"https:\/\/certiwsb.com\/sq\/process-industries\/\" \/>\n<meta property=\"og:site_name\" content=\"Certi W South Balkans\" \/>\n<meta property=\"article:modified_time\" content=\"2018-06-21T09:12:20+00:00\" \/>\n<meta name=\"twitter:card\" content=\"summary_large_image\" \/>\n<meta name=\"twitter:label1\" content=\"Est. reading time\">\n\t<meta name=\"twitter:data1\" content=\"0 minuta\">\n<script type=\"application\/ld+json\" class=\"yoast-schema-graph\">{\"@context\":\"https:\/\/schema.org\",\"@graph\":[{\"@type\":\"WebSite\",\"@id\":\"https:\/\/certiwsb.com\/sq\/#website\",\"url\":\"https:\/\/certiwsb.com\/sq\/\",\"name\":\"Certi W South Balkans\",\"description\":\"\",\"potentialAction\":[{\"@type\":\"SearchAction\",\"target\":\"https:\/\/certiwsb.com\/sq\/?s={search_term_string}\",\"query-input\":\"required name=search_term_string\"}],\"inLanguage\":\"sq\"},{\"@type\":\"WebPage\",\"@id\":\"https:\/\/certiwsb.com\/process-industries\/#webpage\",\"url\":\"https:\/\/certiwsb.com\/process-industries\/\",\"name\":\"Process Industries - Certi W South Balkans\",\"isPartOf\":{\"@id\":\"https:\/\/certiwsb.com\/sq\/#website\"},\"datePublished\":\"2015-06-11T09:26:07+00:00\",\"dateModified\":\"2018-06-21T09:12:20+00:00\",\"inLanguage\":\"sq\",\"potentialAction\":[{\"@type\":\"ReadAction\",\"target\":[\"https:\/\/certiwsb.com\/process-industries\/\"]}]}]}<\/script>\n<!-- \/ Yoast SEO plugin. -->","_links":{"self":[{"href":"https:\/\/certiwsb.com\/sq\/wp-json\/wp\/v2\/pages\/1711"}],"collection":[{"href":"https:\/\/certiwsb.com\/sq\/wp-json\/wp\/v2\/pages"}],"about":[{"href":"https:\/\/certiwsb.com\/sq\/wp-json\/wp\/v2\/types\/page"}],"author":[{"embeddable":true,"href":"https:\/\/certiwsb.com\/sq\/wp-json\/wp\/v2\/users\/1"}],"replies":[{"embeddable":true,"href":"https:\/\/certiwsb.com\/sq\/wp-json\/wp\/v2\/comments?post=1711"}],"version-history":[{"count":3,"href":"https:\/\/certiwsb.com\/sq\/wp-json\/wp\/v2\/pages\/1711\/revisions"}],"predecessor-version":[{"id":1742,"href":"https:\/\/certiwsb.com\/sq\/wp-json\/wp\/v2\/pages\/1711\/revisions\/1742"}],"wp:attachment":[{"href":"https:\/\/certiwsb.com\/sq\/wp-json\/wp\/v2\/media?parent=1711"}],"curies":[{"name":"wp","href":"https:\/\/api.w.org\/{rel}","templated":true}]}}