{"id":1713,"date":"2015-06-11T09:26:31","date_gmt":"2015-06-11T09:26:31","guid":{"rendered":"http:\/\/certiwsb.com\/?page_id=1713"},"modified":"2018-06-21T11:10:56","modified_gmt":"2018-06-21T09:10:56","slug":"electronics-and-informatics","status":"publish","type":"page","link":"https:\/\/certiwsb.com\/sq\/electronics-and-informatics\/","title":{"rendered":"Elektronika dhe Informatika"},"content":{"rendered":"<p>Me kalimin e viteve, situatat dhe \u00e7\u00ebshtjet n\u00eb lidhje me sigurin\u00eb rrit\u00ebn r\u00ebnd\u00ebsin\u00eb e tyre n\u00eb ndryshimin e shpejt\u00eb t\u00eb konteksteve me nj\u00eb kompleksitet dhe v\u00ebshtir\u00ebsi m\u00eb t\u00eb madhe. Siguria tani shkon s\u00eb bashku me infrastruktur\u00ebn e artikuluar, performanc\u00ebn e ruajtjes, virtualizimin, sistemet cloud, rrjetet locale si dhe kompleksitetin e baz\u00ebs s\u00eb t\u00eb dh\u00ebnave. Ekspertiza e industris\u00eb nuk \u00ebsht\u00eb m\u00eb e mjaftueshme. Sigurisht njohuri teknike jan\u00eb t\u00eb nevojshme, por gjithashtu duhet t\u00eb ket\u00eb pro\u00e7ese praktike biznesi dhe tregje, t\u00eb gjitha k\u00ebto t\u00eb kombinuara me nj\u00eb vizion drejt s\u00eb ardhmes. Kompanit\u00eb q\u00eb jan\u00eb t\u00eb p\u00ebrkushtuara p\u00ebr k\u00ebt\u00eb, organizata ose qeveri t\u00eb vogla apo t\u00eb m\u00ebdha, kan\u00eb marr\u00eb p\u00ebrfitime t\u00eb m\u00ebdha. Jan\u00eb t\u00eb r\u00ebnd\u00ebsishme vazhdim\u00ebsia e biznesit, analiza e rrezikut, sistemet e monitorimit t\u00eb vazhduesh\u00ebm p\u00ebr mbrojtjen e t\u00eb dh\u00ebnave dhe pro\u00e7eseve p\u00ebr suksesin e kompanive.<\/p>","protected":false},"excerpt":{"rendered":"<p>Over the years, the situations and issues related to security could no longer matter in rapidly changing contexts of greater complexity and difficulty. The security now goes along with articulated infrastructure, storage performance, virtualization, cloud computing, local and wide area networks, data center complex. Industry expertise is no longer enough. [&hellip;]<\/p>","protected":false},"author":1,"featured_media":0,"parent":0,"menu_order":0,"comment_status":"closed","ping_status":"closed","template":"","meta":[],"yoast_head":"<!-- This site is optimized with the Yoast SEO plugin v15.5 - https:\/\/yoast.com\/wordpress\/plugins\/seo\/ -->\n<title>Electronics and Informatics - Certi W South Balkans<\/title>\n<meta name=\"robots\" content=\"index, follow, max-snippet:-1, max-image-preview:large, max-video-preview:-1\" \/>\n<link rel=\"canonical\" href=\"https:\/\/certiwsb.com\/sq\/electronics-and-informatics\/\" \/>\n<meta property=\"og:locale\" content=\"sq_AL\" \/>\n<meta property=\"og:type\" content=\"article\" \/>\n<meta property=\"og:title\" content=\"Electronics and Informatics - Certi W South Balkans\" \/>\n<meta property=\"og:description\" content=\"Over the years, the situations and issues related to security could no longer matter in rapidly changing contexts of greater complexity and difficulty. The security now goes along with articulated infrastructure, storage performance, virtualization, cloud computing, local and wide area networks, data center complex. Industry expertise is no longer enough. [&hellip;]\" \/>\n<meta property=\"og:url\" content=\"https:\/\/certiwsb.com\/sq\/electronics-and-informatics\/\" \/>\n<meta property=\"og:site_name\" content=\"Certi W South Balkans\" \/>\n<meta property=\"article:modified_time\" content=\"2018-06-21T09:10:56+00:00\" \/>\n<meta name=\"twitter:card\" content=\"summary_large_image\" \/>\n<meta name=\"twitter:label1\" content=\"Est. reading time\">\n\t<meta name=\"twitter:data1\" content=\"0 minuta\">\n<script type=\"application\/ld+json\" class=\"yoast-schema-graph\">{\"@context\":\"https:\/\/schema.org\",\"@graph\":[{\"@type\":\"WebSite\",\"@id\":\"https:\/\/certiwsb.com\/sq\/#website\",\"url\":\"https:\/\/certiwsb.com\/sq\/\",\"name\":\"Certi W South Balkans\",\"description\":\"\",\"potentialAction\":[{\"@type\":\"SearchAction\",\"target\":\"https:\/\/certiwsb.com\/sq\/?s={search_term_string}\",\"query-input\":\"required name=search_term_string\"}],\"inLanguage\":\"sq\"},{\"@type\":\"WebPage\",\"@id\":\"https:\/\/certiwsb.com\/electronics-and-informatics\/#webpage\",\"url\":\"https:\/\/certiwsb.com\/electronics-and-informatics\/\",\"name\":\"Electronics and Informatics - Certi W South Balkans\",\"isPartOf\":{\"@id\":\"https:\/\/certiwsb.com\/sq\/#website\"},\"datePublished\":\"2015-06-11T09:26:31+00:00\",\"dateModified\":\"2018-06-21T09:10:56+00:00\",\"inLanguage\":\"sq\",\"potentialAction\":[{\"@type\":\"ReadAction\",\"target\":[\"https:\/\/certiwsb.com\/electronics-and-informatics\/\"]}]}]}<\/script>\n<!-- \/ Yoast SEO plugin. -->","_links":{"self":[{"href":"https:\/\/certiwsb.com\/sq\/wp-json\/wp\/v2\/pages\/1713"}],"collection":[{"href":"https:\/\/certiwsb.com\/sq\/wp-json\/wp\/v2\/pages"}],"about":[{"href":"https:\/\/certiwsb.com\/sq\/wp-json\/wp\/v2\/types\/page"}],"author":[{"embeddable":true,"href":"https:\/\/certiwsb.com\/sq\/wp-json\/wp\/v2\/users\/1"}],"replies":[{"embeddable":true,"href":"https:\/\/certiwsb.com\/sq\/wp-json\/wp\/v2\/comments?post=1713"}],"version-history":[{"count":12,"href":"https:\/\/certiwsb.com\/sq\/wp-json\/wp\/v2\/pages\/1713\/revisions"}],"predecessor-version":[{"id":2942,"href":"https:\/\/certiwsb.com\/sq\/wp-json\/wp\/v2\/pages\/1713\/revisions\/2942"}],"wp:attachment":[{"href":"https:\/\/certiwsb.com\/sq\/wp-json\/wp\/v2\/media?parent=1713"}],"curies":[{"name":"wp","href":"https:\/\/api.w.org\/{rel}","templated":true}]}}