{"id":1715,"date":"2015-06-11T09:26:49","date_gmt":"2015-06-11T09:26:49","guid":{"rendered":"http:\/\/certiwsb.com\/?page_id=1715"},"modified":"2018-06-21T11:10:26","modified_gmt":"2018-06-21T09:10:26","slug":"consumer-products","status":"publish","type":"page","link":"https:\/\/certiwsb.com\/sq\/consumer-products\/","title":{"rendered":"Produktet e konsumit"},"content":{"rendered":"<p>Sektori i mallrave t\u00eb konsumit p\u00ebrfshin nj\u00eb gam\u00eb t\u00eb gjer\u00eb produktesh, nga ushqimet e paketuara, ushqimet e fresk\u00ebta ose t\u00eb ngrira, pijet, sendet p\u00ebr sht\u00ebpi dhe persona dhe t\u00eb tjera. Secila prej k\u00ebtyre fushave po kalon nj\u00eb transformim t\u00eb thell\u00eb: rritja e konkurrenc\u00ebs p\u00ebr shkak t\u00eb globalizimit, lufta p\u00ebr \u00e7mimet dhe nevoja p\u00ebr t\u00eb patur koh\u00eb m\u00eb t\u00eb shpejt\u00eb p\u00ebrgjigjeje, gjithmon\u00eb k\u00ebrkojn\u00eb nj\u00eb rishikim t\u00eb mjeteve tradicionale t\u00eb menaxhimit.<\/p>\n<p>\u00cbsht\u00eb gjithashtu thelb\u00ebsor nj\u00eb dimension strategjik dhe mund t\u00eb thuhet q\u00eb sot ekzistojn\u00eb kryesisht dy kategori t\u00eb kompanive: ato q\u00eb p\u00ebrballen me nivelin nd\u00ebrkomb\u00ebtar dhe ato kompani, aktivitetet e t\u00eb cilave jan\u00eb p\u00ebrqendruar kryesisht n\u00eb nivelin komb\u00ebtar, ose madje vet\u00ebm n\u00eb nivelin rajonal. N\u00eb k\u00ebt\u00eb kontekst, sistemi i informacionit b\u00ebhet gjithnj\u00eb e m\u00eb shum\u00eb nj\u00eb mjet thelb\u00ebsor p\u00ebr menaxhimin e duhur t\u00eb aktiviteteve t\u00eb biznesit, prandaj shfaqet nevoja p\u00ebr t'u pajisur me softuer modern, performanc\u00eb t\u00eb lart\u00eb dhe fleksibilitet p\u00ebr t\u00eb mb\u00ebshtetur ndryshimet. Fusha e \u00e7ertifikimit \u00ebsht\u00eb shum\u00eb e r\u00ebnd\u00ebsishme n\u00eb lidhje me k\u00ebt\u00eb.<\/p>","protected":false},"excerpt":{"rendered":"<p>The Consumer Goods sector includes a wide range of products, from packaged food than fresh or frozen foods, beverages, items for the home and person and other. In each of these areas is undergoing a profound transformation: the increased competitiveness due to globalization, the battle on prices and the need [&hellip;]<\/p>","protected":false},"author":1,"featured_media":0,"parent":0,"menu_order":0,"comment_status":"closed","ping_status":"closed","template":"","meta":[],"yoast_head":"<!-- This site is optimized with the Yoast SEO plugin v15.5 - https:\/\/yoast.com\/wordpress\/plugins\/seo\/ -->\n<title>Consumer products - Certi W South Balkans<\/title>\n<meta name=\"robots\" content=\"index, follow, max-snippet:-1, max-image-preview:large, max-video-preview:-1\" \/>\n<link rel=\"canonical\" href=\"https:\/\/certiwsb.com\/sq\/consumer-products\/\" \/>\n<meta property=\"og:locale\" content=\"sq_AL\" \/>\n<meta property=\"og:type\" content=\"article\" \/>\n<meta property=\"og:title\" content=\"Consumer products - Certi W South Balkans\" \/>\n<meta property=\"og:description\" content=\"The Consumer Goods sector includes a wide range of products, from packaged food than fresh or frozen foods, beverages, items for the home and person and other. In each of these areas is undergoing a profound transformation: the increased competitiveness due to globalization, the battle on prices and the need [&hellip;]\" \/>\n<meta property=\"og:url\" content=\"https:\/\/certiwsb.com\/sq\/consumer-products\/\" \/>\n<meta property=\"og:site_name\" content=\"Certi W South Balkans\" \/>\n<meta property=\"article:modified_time\" content=\"2018-06-21T09:10:26+00:00\" \/>\n<meta name=\"twitter:card\" content=\"summary_large_image\" \/>\n<meta name=\"twitter:label1\" content=\"Est. reading time\">\n\t<meta name=\"twitter:data1\" content=\"1 minut\u00eb\">\n<script type=\"application\/ld+json\" class=\"yoast-schema-graph\">{\"@context\":\"https:\/\/schema.org\",\"@graph\":[{\"@type\":\"WebSite\",\"@id\":\"https:\/\/certiwsb.com\/sq\/#website\",\"url\":\"https:\/\/certiwsb.com\/sq\/\",\"name\":\"Certi W South Balkans\",\"description\":\"\",\"potentialAction\":[{\"@type\":\"SearchAction\",\"target\":\"https:\/\/certiwsb.com\/sq\/?s={search_term_string}\",\"query-input\":\"required name=search_term_string\"}],\"inLanguage\":\"sq\"},{\"@type\":\"WebPage\",\"@id\":\"https:\/\/certiwsb.com\/consumer-products\/#webpage\",\"url\":\"https:\/\/certiwsb.com\/consumer-products\/\",\"name\":\"Consumer products - Certi W South Balkans\",\"isPartOf\":{\"@id\":\"https:\/\/certiwsb.com\/sq\/#website\"},\"datePublished\":\"2015-06-11T09:26:49+00:00\",\"dateModified\":\"2018-06-21T09:10:26+00:00\",\"inLanguage\":\"sq\",\"potentialAction\":[{\"@type\":\"ReadAction\",\"target\":[\"https:\/\/certiwsb.com\/consumer-products\/\"]}]}]}<\/script>\n<!-- \/ Yoast SEO plugin. -->","_links":{"self":[{"href":"https:\/\/certiwsb.com\/sq\/wp-json\/wp\/v2\/pages\/1715"}],"collection":[{"href":"https:\/\/certiwsb.com\/sq\/wp-json\/wp\/v2\/pages"}],"about":[{"href":"https:\/\/certiwsb.com\/sq\/wp-json\/wp\/v2\/types\/page"}],"author":[{"embeddable":true,"href":"https:\/\/certiwsb.com\/sq\/wp-json\/wp\/v2\/users\/1"}],"replies":[{"embeddable":true,"href":"https:\/\/certiwsb.com\/sq\/wp-json\/wp\/v2\/comments?post=1715"}],"version-history":[{"count":2,"href":"https:\/\/certiwsb.com\/sq\/wp-json\/wp\/v2\/pages\/1715\/revisions"}],"predecessor-version":[{"id":1744,"href":"https:\/\/certiwsb.com\/sq\/wp-json\/wp\/v2\/pages\/1715\/revisions\/1744"}],"wp:attachment":[{"href":"https:\/\/certiwsb.com\/sq\/wp-json\/wp\/v2\/media?parent=1715"}],"curies":[{"name":"wp","href":"https:\/\/api.w.org\/{rel}","templated":true}]}}