{"id":2631,"date":"2016-08-09T06:06:49","date_gmt":"2016-08-09T06:06:49","guid":{"rendered":"http:\/\/certiwsb.com\/?page_id=2631"},"modified":"2018-06-21T11:11:05","modified_gmt":"2018-06-21T09:11:05","slug":"halal","status":"publish","type":"page","link":"https:\/\/certiwsb.com\/sq\/halal\/","title":{"rendered":"Hallall"},"content":{"rendered":"<p>Hallall do t\u00eb thot\u00eb thjesht i lejuar ose i ligjsh\u00ebm. Pra, kur po flasim p\u00ebr ushqime hallall do t\u00eb thot\u00eb \u00e7do ushqim q\u00eb lejohet t\u00eb hahet n\u00eb p\u00ebrputhje me ligjin Islam t\u00eb Sheriatit.<\/p>\n<p>\u00c7ertifikimi Hallall do t\u00eb thot\u00eb q\u00eb ushqimi i \u00ebsht\u00eb n\u00ebnshtruar sistemeve t\u00eb miratuara t\u00eb certifikimit t\u00eb cilat u garantojn\u00eb konsumator\u00ebve se asgj\u00eb n\u00eb ushqim nuk ka ndonj\u00eb p\u00ebrb\u00ebr\u00ebs t\u00eb ndaluar.<\/p>","protected":false},"excerpt":{"rendered":"<p>Halal simply means permitted or lawful. So when we are talking about halal foods it means any foods that are allowed to be eaten according to Islamic Sharia law. Halal certification\u00a0means that food has been subjected to approved certification systems which guarantee to consumers that nothing in the food has [&hellip;]<\/p>","protected":false},"author":1,"featured_media":0,"parent":0,"menu_order":0,"comment_status":"closed","ping_status":"closed","template":"","meta":[],"yoast_head":"<!-- This site is optimized with the Yoast SEO plugin v15.5 - https:\/\/yoast.com\/wordpress\/plugins\/seo\/ -->\n<title>Halal - Certi W South Balkans<\/title>\n<meta name=\"robots\" content=\"index, follow, max-snippet:-1, max-image-preview:large, max-video-preview:-1\" \/>\n<link rel=\"canonical\" href=\"https:\/\/certiwsb.com\/sq\/halal\/\" \/>\n<meta property=\"og:locale\" content=\"sq_AL\" \/>\n<meta property=\"og:type\" content=\"article\" \/>\n<meta property=\"og:title\" content=\"Halal - Certi W South Balkans\" \/>\n<meta property=\"og:description\" content=\"Halal simply means permitted or lawful. So when we are talking about halal foods it means any foods that are allowed to be eaten according to Islamic Sharia law. Halal certification\u00a0means that food has been subjected to approved certification systems which guarantee to consumers that nothing in the food has [&hellip;]\" \/>\n<meta property=\"og:url\" content=\"https:\/\/certiwsb.com\/sq\/halal\/\" \/>\n<meta property=\"og:site_name\" content=\"Certi W South Balkans\" \/>\n<meta property=\"article:modified_time\" content=\"2018-06-21T09:11:05+00:00\" \/>\n<meta name=\"twitter:card\" content=\"summary_large_image\" \/>\n<meta name=\"twitter:label1\" content=\"Est. reading time\">\n\t<meta name=\"twitter:data1\" content=\"0 minuta\">\n<script type=\"application\/ld+json\" class=\"yoast-schema-graph\">{\"@context\":\"https:\/\/schema.org\",\"@graph\":[{\"@type\":\"WebSite\",\"@id\":\"https:\/\/certiwsb.com\/sq\/#website\",\"url\":\"https:\/\/certiwsb.com\/sq\/\",\"name\":\"Certi W South Balkans\",\"description\":\"\",\"potentialAction\":[{\"@type\":\"SearchAction\",\"target\":\"https:\/\/certiwsb.com\/sq\/?s={search_term_string}\",\"query-input\":\"required name=search_term_string\"}],\"inLanguage\":\"sq\"},{\"@type\":\"WebPage\",\"@id\":\"https:\/\/certiwsb.com\/halal\/#webpage\",\"url\":\"https:\/\/certiwsb.com\/halal\/\",\"name\":\"Halal - Certi W South Balkans\",\"isPartOf\":{\"@id\":\"https:\/\/certiwsb.com\/sq\/#website\"},\"datePublished\":\"2016-08-09T06:06:49+00:00\",\"dateModified\":\"2018-06-21T09:11:05+00:00\",\"inLanguage\":\"sq\",\"potentialAction\":[{\"@type\":\"ReadAction\",\"target\":[\"https:\/\/certiwsb.com\/halal\/\"]}]}]}<\/script>\n<!-- \/ Yoast SEO plugin. -->","_links":{"self":[{"href":"https:\/\/certiwsb.com\/sq\/wp-json\/wp\/v2\/pages\/2631"}],"collection":[{"href":"https:\/\/certiwsb.com\/sq\/wp-json\/wp\/v2\/pages"}],"about":[{"href":"https:\/\/certiwsb.com\/sq\/wp-json\/wp\/v2\/types\/page"}],"author":[{"embeddable":true,"href":"https:\/\/certiwsb.com\/sq\/wp-json\/wp\/v2\/users\/1"}],"replies":[{"embeddable":true,"href":"https:\/\/certiwsb.com\/sq\/wp-json\/wp\/v2\/comments?post=2631"}],"version-history":[{"count":2,"href":"https:\/\/certiwsb.com\/sq\/wp-json\/wp\/v2\/pages\/2631\/revisions"}],"predecessor-version":[{"id":2633,"href":"https:\/\/certiwsb.com\/sq\/wp-json\/wp\/v2\/pages\/2631\/revisions\/2633"}],"wp:attachment":[{"href":"https:\/\/certiwsb.com\/sq\/wp-json\/wp\/v2\/media?parent=2631"}],"curies":[{"name":"wp","href":"https:\/\/api.w.org\/{rel}","templated":true}]}}