{"id":3199,"date":"2017-04-27T13:13:43","date_gmt":"2017-04-27T13:13:43","guid":{"rendered":"http:\/\/certiwsb.com\/?page_id=3199"},"modified":"2018-06-18T13:12:16","modified_gmt":"2018-06-18T11:12:16","slug":"private-area","status":"publish","type":"page","link":"https:\/\/certiwsb.com\/sq\/private-area\/","title":{"rendered":"Zon\u00eb private"},"content":{"rendered":"","protected":true},"excerpt":{"rendered":"","protected":true},"author":1,"featured_media":0,"parent":0,"menu_order":0,"comment_status":"closed","ping_status":"closed","template":"","meta":[],"yoast_head":"<!-- This site is optimized with the Yoast SEO plugin v15.5 - https:\/\/yoast.com\/wordpress\/plugins\/seo\/ -->\n<title>Private Area - Certi W South Balkans<\/title>\n<meta name=\"robots\" content=\"noindex, nofollow\" \/>\n<meta property=\"og:locale\" content=\"sq_AL\" \/>\n<meta property=\"og:type\" content=\"article\" \/>\n<meta property=\"og:title\" content=\"Private Area - Certi W South Balkans\" \/>\n<meta property=\"og:description\" content=\"S\u2019ka cop\u00ebz, sepse ky \u00ebsht\u00eb postim i mbrojtur.\" \/>\n<meta property=\"og:url\" content=\"https:\/\/certiwsb.com\/sq\/private-area\/\" \/>\n<meta property=\"og:site_name\" content=\"Certi W South Balkans\" \/>\n<meta property=\"article:modified_time\" content=\"2018-06-18T11:12:16+00:00\" \/>\n<meta name=\"twitter:card\" content=\"summary_large_image\" \/>\n<meta name=\"twitter:label1\" content=\"Est. reading time\">\n\t<meta name=\"twitter:data1\" content=\"0 minuta\">\n<script type=\"application\/ld+json\" class=\"yoast-schema-graph\">{\"@context\":\"https:\/\/schema.org\",\"@graph\":[{\"@type\":\"WebSite\",\"@id\":\"https:\/\/certiwsb.com\/sq\/#website\",\"url\":\"https:\/\/certiwsb.com\/sq\/\",\"name\":\"Certi W South Balkans\",\"description\":\"\",\"potentialAction\":[{\"@type\":\"SearchAction\",\"target\":\"https:\/\/certiwsb.com\/sq\/?s={search_term_string}\",\"query-input\":\"required name=search_term_string\"}],\"inLanguage\":\"sq\"},{\"@type\":\"WebPage\",\"@id\":\"https:\/\/certiwsb.com\/sq\/private-area\/#webpage\",\"url\":\"https:\/\/certiwsb.com\/sq\/private-area\/\",\"name\":\"Private Area - Certi W South Balkans\",\"isPartOf\":{\"@id\":\"https:\/\/certiwsb.com\/sq\/#website\"},\"datePublished\":\"2017-04-27T13:13:43+00:00\",\"dateModified\":\"2018-06-18T11:12:16+00:00\",\"inLanguage\":\"sq\",\"potentialAction\":[{\"@type\":\"ReadAction\",\"target\":[\"https:\/\/certiwsb.com\/sq\/private-area\/\"]}]}]}<\/script>\n<!-- \/ Yoast SEO plugin. -->","_links":{"self":[{"href":"https:\/\/certiwsb.com\/sq\/wp-json\/wp\/v2\/pages\/3199"}],"collection":[{"href":"https:\/\/certiwsb.com\/sq\/wp-json\/wp\/v2\/pages"}],"about":[{"href":"https:\/\/certiwsb.com\/sq\/wp-json\/wp\/v2\/types\/page"}],"author":[{"embeddable":true,"href":"https:\/\/certiwsb.com\/sq\/wp-json\/wp\/v2\/users\/1"}],"replies":[{"embeddable":true,"href":"https:\/\/certiwsb.com\/sq\/wp-json\/wp\/v2\/comments?post=3199"}],"version-history":[{"count":15,"href":"https:\/\/certiwsb.com\/sq\/wp-json\/wp\/v2\/pages\/3199\/revisions"}],"predecessor-version":[{"id":4526,"href":"https:\/\/certiwsb.com\/sq\/wp-json\/wp\/v2\/pages\/3199\/revisions\/4526"}],"wp:attachment":[{"href":"https:\/\/certiwsb.com\/sq\/wp-json\/wp\/v2\/media?parent=3199"}],"curies":[{"name":"wp","href":"https:\/\/api.w.org\/{rel}","templated":true}]}}