{"id":3643,"date":"2017-09-19T11:10:53","date_gmt":"2017-09-19T11:10:53","guid":{"rendered":"http:\/\/certiwsb.com\/?page_id=3643"},"modified":"2021-03-03T10:23:02","modified_gmt":"2021-03-03T09:23:02","slug":"forma","status":"publish","type":"page","link":"https:\/\/certiwsb.com\/sq\/forma\/","title":{"rendered":"K\u00cbRKO P\u00cbR \u00c7ERTIFIKAT\u00cbN"},"content":{"rendered":"<p>Forma e kerkimit:<\/p>","protected":false},"excerpt":{"rendered":"<p>Forma e kerkimit:<\/p>","protected":false},"author":1,"featured_media":0,"parent":0,"menu_order":0,"comment_status":"closed","ping_status":"closed","template":"template_alban.php","meta":[],"yoast_head":"<!-- This site is optimized with the Yoast SEO plugin v15.5 - https:\/\/yoast.com\/wordpress\/plugins\/seo\/ -->\n<title>Search For Certificate - Certi W South Balkans<\/title>\n<meta name=\"robots\" content=\"noindex, follow\" \/>\n<meta property=\"og:locale\" content=\"sq_AL\" \/>\n<meta property=\"og:type\" content=\"article\" \/>\n<meta property=\"og:title\" content=\"Search For Certificate - Certi W South Balkans\" \/>\n<meta property=\"og:description\" content=\"Forma e kerkimit:\" \/>\n<meta property=\"og:url\" content=\"https:\/\/certiwsb.com\/sq\/forma\/\" \/>\n<meta property=\"og:site_name\" content=\"Certi W South Balkans\" \/>\n<meta property=\"article:modified_time\" content=\"2021-03-03T09:23:02+00:00\" \/>\n<meta name=\"twitter:card\" content=\"summary_large_image\" \/>\n<meta name=\"twitter:label1\" content=\"Est. reading time\">\n\t<meta name=\"twitter:data1\" content=\"0 minuta\">\n<script type=\"application\/ld+json\" class=\"yoast-schema-graph\">{\"@context\":\"https:\/\/schema.org\",\"@graph\":[{\"@type\":\"WebSite\",\"@id\":\"https:\/\/certiwsb.com\/sq\/#website\",\"url\":\"https:\/\/certiwsb.com\/sq\/\",\"name\":\"Certi W South Balkans\",\"description\":\"\",\"potentialAction\":[{\"@type\":\"SearchAction\",\"target\":\"https:\/\/certiwsb.com\/sq\/?s={search_term_string}\",\"query-input\":\"required name=search_term_string\"}],\"inLanguage\":\"sq\"},{\"@type\":\"WebPage\",\"@id\":\"https:\/\/certiwsb.com\/forma\/#webpage\",\"url\":\"https:\/\/certiwsb.com\/forma\/\",\"name\":\"Search For Certificate - Certi W South Balkans\",\"isPartOf\":{\"@id\":\"https:\/\/certiwsb.com\/sq\/#website\"},\"datePublished\":\"2017-09-19T11:10:53+00:00\",\"dateModified\":\"2021-03-03T09:23:02+00:00\",\"inLanguage\":\"sq\",\"potentialAction\":[{\"@type\":\"ReadAction\",\"target\":[\"https:\/\/certiwsb.com\/forma\/\"]}]}]}<\/script>\n<!-- \/ Yoast SEO plugin. -->","_links":{"self":[{"href":"https:\/\/certiwsb.com\/sq\/wp-json\/wp\/v2\/pages\/3643"}],"collection":[{"href":"https:\/\/certiwsb.com\/sq\/wp-json\/wp\/v2\/pages"}],"about":[{"href":"https:\/\/certiwsb.com\/sq\/wp-json\/wp\/v2\/types\/page"}],"author":[{"embeddable":true,"href":"https:\/\/certiwsb.com\/sq\/wp-json\/wp\/v2\/users\/1"}],"replies":[{"embeddable":true,"href":"https:\/\/certiwsb.com\/sq\/wp-json\/wp\/v2\/comments?post=3643"}],"version-history":[{"count":2,"href":"https:\/\/certiwsb.com\/sq\/wp-json\/wp\/v2\/pages\/3643\/revisions"}],"predecessor-version":[{"id":6612,"href":"https:\/\/certiwsb.com\/sq\/wp-json\/wp\/v2\/pages\/3643\/revisions\/6612"}],"wp:attachment":[{"href":"https:\/\/certiwsb.com\/sq\/wp-json\/wp\/v2\/media?parent=3643"}],"curies":[{"name":"wp","href":"https:\/\/api.w.org\/{rel}","templated":true}]}}