{"id":6824,"date":"2020-11-17T11:26:43","date_gmt":"2020-11-17T10:26:43","guid":{"rendered":"https:\/\/certiwsb.com\/?page_id=6824"},"modified":"2020-11-17T11:26:47","modified_gmt":"2020-11-17T10:26:47","slug":"quality","status":"publish","type":"page","link":"https:\/\/certiwsb.com\/sq\/quality\/","title":{"rendered":"Cil\u00ebsia"},"content":{"rendered":"<p>K\u00ebrkesat q\u00eb cil\u00ebsia duhet t\u00eb plot\u00ebsoj\u00eb mund t\u00eb jen\u00eb t\u00eb dy llojeve: ato t\u00eb quajtura \"par\u00ebsore\" dhe q\u00eb lidhen me mbrojtjen e t\u00eb drejtave themelore t\u00eb tilla si sh\u00ebndeti dhe siguria dhe t\u00eb kontrolluara nga Rregullat Teknike p\u00ebr k\u00ebrkesat e detyrueshme ose ato t\u00eb quajtura \"shtes\u00eb\" dhe q\u00eb lidhen me zhvillimin e sistemit ekonomik dhe gjith\u00eb p\u00ebrmir\u00ebsimin e mir\u00ebqenies s\u00eb shoq\u00ebris\u00eb t\u00eb mbrojtura nga zbatimi i rregullave vullnetare.<\/p>\n\n\n\n<p>Rregullat q\u00eb i p\u00ebrkasin familjes s\u00eb ISO 9000 jan\u00eb p\u00ebrgatitur p\u00ebr t\u00eb ndihmuar organizatat p\u00ebr t\u00eb zhvilluar sistemet e tyre t\u00eb menaxhimit t\u00eb cil\u00ebsis\u00eb dhe jan\u00eb ve\u00e7se nj\u00eb grup idesh, parimesh dhe rregullash. Standardet e cil\u00ebsis\u00eb ofrojn\u00eb d\u00ebshmi se nje kompani\/organizat\u00eb e \u00e7ertifikuar punon sipas nj\u00eb standardi t\u00eb caktuar referimi dhe q\u00eb \u00ebsht\u00eb n\u00eb gjendje t\u00eb siguroj\u00eb produkte \/ sh\u00ebrbime me karakteristikat e cil\u00ebsive t\u00eb d\u00ebshiruara (q\u00eb mund t\u00eb vendosen midis klientit dhe organizat\u00ebs) .<\/p>","protected":false},"excerpt":{"rendered":"<p>The demands that the quality should meet can be of two tipes: the ones called \u201cprimary\u201d (related to the protection of fundamental rights such as health and safety and protected by the Technical Rules for compulsory prescription) or \u201caccessory\u201d (relating to the development of the economic system and all \u2018improving [&hellip;]<\/p>","protected":false},"author":1,"featured_media":0,"parent":0,"menu_order":0,"comment_status":"closed","ping_status":"closed","template":"","meta":[],"yoast_head":"<!-- This site is optimized with the Yoast SEO plugin v15.5 - https:\/\/yoast.com\/wordpress\/plugins\/seo\/ -->\n<title>Quality - Certi W South Balkans<\/title>\n<meta name=\"robots\" content=\"noindex, follow\" \/>\n<meta property=\"og:locale\" content=\"sq_AL\" \/>\n<meta property=\"og:type\" content=\"article\" \/>\n<meta property=\"og:title\" content=\"Quality - Certi W South Balkans\" \/>\n<meta property=\"og:description\" content=\"The demands that the quality should meet can be of two tipes: the ones called \u201cprimary\u201d (related to the protection of fundamental rights such as health and safety and protected by the Technical Rules for compulsory prescription) or \u201caccessory\u201d (relating to the development of the economic system and all \u2018improving [&hellip;]\" \/>\n<meta property=\"og:url\" content=\"https:\/\/certiwsb.com\/sq\/quality\/\" \/>\n<meta property=\"og:site_name\" content=\"Certi W South Balkans\" \/>\n<meta property=\"article:modified_time\" content=\"2020-11-17T10:26:47+00:00\" \/>\n<meta name=\"twitter:card\" content=\"summary_large_image\" \/>\n<meta name=\"twitter:label1\" content=\"Est. reading time\">\n\t<meta name=\"twitter:data1\" content=\"1 minut\u00eb\">\n<script type=\"application\/ld+json\" class=\"yoast-schema-graph\">{\"@context\":\"https:\/\/schema.org\",\"@graph\":[{\"@type\":\"WebSite\",\"@id\":\"https:\/\/certiwsb.com\/sq\/#website\",\"url\":\"https:\/\/certiwsb.com\/sq\/\",\"name\":\"Certi W South Balkans\",\"description\":\"\",\"potentialAction\":[{\"@type\":\"SearchAction\",\"target\":\"https:\/\/certiwsb.com\/sq\/?s={search_term_string}\",\"query-input\":\"required name=search_term_string\"}],\"inLanguage\":\"sq\"},{\"@type\":\"WebPage\",\"@id\":\"https:\/\/certiwsb.com\/quality\/#webpage\",\"url\":\"https:\/\/certiwsb.com\/quality\/\",\"name\":\"Quality - Certi W South Balkans\",\"isPartOf\":{\"@id\":\"https:\/\/certiwsb.com\/sq\/#website\"},\"datePublished\":\"2020-11-17T10:26:43+00:00\",\"dateModified\":\"2020-11-17T10:26:47+00:00\",\"inLanguage\":\"sq\",\"potentialAction\":[{\"@type\":\"ReadAction\",\"target\":[\"https:\/\/certiwsb.com\/quality\/\"]}]}]}<\/script>\n<!-- \/ Yoast SEO plugin. -->","_links":{"self":[{"href":"https:\/\/certiwsb.com\/sq\/wp-json\/wp\/v2\/pages\/6824"}],"collection":[{"href":"https:\/\/certiwsb.com\/sq\/wp-json\/wp\/v2\/pages"}],"about":[{"href":"https:\/\/certiwsb.com\/sq\/wp-json\/wp\/v2\/types\/page"}],"author":[{"embeddable":true,"href":"https:\/\/certiwsb.com\/sq\/wp-json\/wp\/v2\/users\/1"}],"replies":[{"embeddable":true,"href":"https:\/\/certiwsb.com\/sq\/wp-json\/wp\/v2\/comments?post=6824"}],"version-history":[{"count":2,"href":"https:\/\/certiwsb.com\/sq\/wp-json\/wp\/v2\/pages\/6824\/revisions"}],"predecessor-version":[{"id":6826,"href":"https:\/\/certiwsb.com\/sq\/wp-json\/wp\/v2\/pages\/6824\/revisions\/6826"}],"wp:attachment":[{"href":"https:\/\/certiwsb.com\/sq\/wp-json\/wp\/v2\/media?parent=6824"}],"curies":[{"name":"wp","href":"https:\/\/api.w.org\/{rel}","templated":true}]}}