{"id":6828,"date":"2020-11-17T11:28:02","date_gmt":"2020-11-17T10:28:02","guid":{"rendered":"https:\/\/certiwsb.com\/?page_id=6828"},"modified":"2020-11-17T11:28:04","modified_gmt":"2020-11-17T10:28:04","slug":"food-safety","status":"publish","type":"page","link":"https:\/\/certiwsb.com\/sq\/food-safety\/","title":{"rendered":"Siguria Ushqimore"},"content":{"rendered":"<p>\u00c7\u00ebshtjet n\u00eb lidhje me sigurin\u00eb e ushqimit jan\u00eb nj\u00eb pik\u00eb q\u00ebndrore n\u00eb mbrojtjen e sh\u00ebndetit publik. Legjislacioni n\u00eb lidhje me \u00e7\u00ebshtjet e siguris\u00eb ushqimore, cil\u00ebsis\u00eb dhe t\u00eb ushqyerit p\u00ebrq\u00ebndrohet n\u00eb nivelin komb\u00ebtar dhe evropian.<\/p>\n\n\n\n<p>Kontrollet kryhen n\u00eb m\u00ebnyr\u00eb periodike, bazuar n\u00eb nj\u00eb vler\u00ebsim t\u00eb riskut dhe me frekuenc\u00ebn e duhur, p\u00ebr t\u00eb arritur objektivat e p\u00ebrcaktuara nga rregullat dhe rregulloret. Kjo \u00ebsht\u00eb e r\u00ebnd\u00ebsishme p\u00ebr:<\/p>\n\n\n\n<ol><li>nj\u00eb nivel t\u00eb lart\u00eb t\u00eb mbrojtjes sh\u00ebndet\u00ebsore;<\/li><li>funksionimin e duhur t\u00eb tregut t\u00eb ushqimit;<\/li><li>p\u00ebrkufizime t\u00eb qarta p\u00ebr t\u00eb leht\u00ebsuar marr\u00ebveshjen n\u00eb lidhje me p\u00ebrkufizimin e ushqimit;<\/li><li>studime shkencore me cil\u00ebsi t\u00eb lart\u00eb dhe t\u00eb pavarur n\u00eb baz\u00eb t\u00eb analiz\u00ebs s\u00eb riskut n\u00eb fush\u00ebn e ushqimit;<\/li><li>respektimin e t\u00eb drejtave t\u00eb konsumator\u00ebve dhe sigurimin e qasjes ndaj informacionit t\u00eb sakt\u00eb;<\/li><li>gjurmueshm\u00ebrin\u00eb e produkteve ushqimore;<\/li><li>p\u00ebrgjegj\u00ebsin\u00eb e pjes\u00ebmarr\u00ebsve t\u00eb tregut n\u00eb lidhje me sigurin\u00eb e produkteve ushqimore.<\/li><\/ol>","protected":false},"excerpt":{"rendered":"<p>Issues related to food safety are a central point in the protection of public health. The legislation relating to issues of food safety, quality and nutrition have a focus on national and European level. Checks to be carried out periodically, based on a risk assessment and with appropriate frequency, to [&hellip;]<\/p>","protected":false},"author":1,"featured_media":0,"parent":0,"menu_order":0,"comment_status":"closed","ping_status":"closed","template":"","meta":[],"yoast_head":"<!-- This site is optimized with the Yoast SEO plugin v15.5 - https:\/\/yoast.com\/wordpress\/plugins\/seo\/ -->\n<title>Food Safety - Certi W South Balkans<\/title>\n<meta name=\"robots\" content=\"noindex, follow\" \/>\n<meta property=\"og:locale\" content=\"sq_AL\" \/>\n<meta property=\"og:type\" content=\"article\" \/>\n<meta property=\"og:title\" content=\"Food Safety - Certi W South Balkans\" \/>\n<meta property=\"og:description\" content=\"Issues related to food safety are a central point in the protection of public health. The legislation relating to issues of food safety, quality and nutrition have a focus on national and European level. Checks to be carried out periodically, based on a risk assessment and with appropriate frequency, to [&hellip;]\" \/>\n<meta property=\"og:url\" content=\"https:\/\/certiwsb.com\/sq\/food-safety\/\" \/>\n<meta property=\"og:site_name\" content=\"Certi W South Balkans\" \/>\n<meta property=\"article:modified_time\" content=\"2020-11-17T10:28:04+00:00\" \/>\n<meta name=\"twitter:card\" content=\"summary_large_image\" \/>\n<meta name=\"twitter:label1\" content=\"Est. reading time\">\n\t<meta name=\"twitter:data1\" content=\"1 minut\u00eb\">\n<script type=\"application\/ld+json\" class=\"yoast-schema-graph\">{\"@context\":\"https:\/\/schema.org\",\"@graph\":[{\"@type\":\"WebSite\",\"@id\":\"https:\/\/certiwsb.com\/sq\/#website\",\"url\":\"https:\/\/certiwsb.com\/sq\/\",\"name\":\"Certi W South Balkans\",\"description\":\"\",\"potentialAction\":[{\"@type\":\"SearchAction\",\"target\":\"https:\/\/certiwsb.com\/sq\/?s={search_term_string}\",\"query-input\":\"required name=search_term_string\"}],\"inLanguage\":\"sq\"},{\"@type\":\"WebPage\",\"@id\":\"https:\/\/certiwsb.com\/food-safety\/#webpage\",\"url\":\"https:\/\/certiwsb.com\/food-safety\/\",\"name\":\"Food Safety - Certi W South Balkans\",\"isPartOf\":{\"@id\":\"https:\/\/certiwsb.com\/sq\/#website\"},\"datePublished\":\"2020-11-17T10:28:02+00:00\",\"dateModified\":\"2020-11-17T10:28:04+00:00\",\"inLanguage\":\"sq\",\"potentialAction\":[{\"@type\":\"ReadAction\",\"target\":[\"https:\/\/certiwsb.com\/food-safety\/\"]}]}]}<\/script>\n<!-- \/ Yoast SEO plugin. -->","_links":{"self":[{"href":"https:\/\/certiwsb.com\/sq\/wp-json\/wp\/v2\/pages\/6828"}],"collection":[{"href":"https:\/\/certiwsb.com\/sq\/wp-json\/wp\/v2\/pages"}],"about":[{"href":"https:\/\/certiwsb.com\/sq\/wp-json\/wp\/v2\/types\/page"}],"author":[{"embeddable":true,"href":"https:\/\/certiwsb.com\/sq\/wp-json\/wp\/v2\/users\/1"}],"replies":[{"embeddable":true,"href":"https:\/\/certiwsb.com\/sq\/wp-json\/wp\/v2\/comments?post=6828"}],"version-history":[{"count":1,"href":"https:\/\/certiwsb.com\/sq\/wp-json\/wp\/v2\/pages\/6828\/revisions"}],"predecessor-version":[{"id":6829,"href":"https:\/\/certiwsb.com\/sq\/wp-json\/wp\/v2\/pages\/6828\/revisions\/6829"}],"wp:attachment":[{"href":"https:\/\/certiwsb.com\/sq\/wp-json\/wp\/v2\/media?parent=6828"}],"curies":[{"name":"wp","href":"https:\/\/api.w.org\/{rel}","templated":true}]}}