{"id":6831,"date":"2020-11-17T11:29:24","date_gmt":"2020-11-17T10:29:24","guid":{"rendered":"https:\/\/certiwsb.com\/?page_id=6831"},"modified":"2021-04-26T14:19:00","modified_gmt":"2021-04-26T12:19:00","slug":"environment-eco-sustainability","status":"publish","type":"page","link":"https:\/\/certiwsb.com\/sq\/environment-eco-sustainability\/","title":{"rendered":"Mjedisi"},"content":{"rendered":"<p>Mjedisi na rrethon t\u00eb gjith\u00ebve. Ai q\u00eb \u00ebsht\u00eb I r\u00ebnd\u00ebsishme \u00ebsht\u00eb Edukimi Mjedisor. \u00cbsht\u00eb nj\u00eb mjet thelb\u00ebsor p\u00ebr kompanit\u00eb p\u00ebr t\u00eb arritur nj\u00eb p\u00ebrgjegj\u00ebsi m\u00eb t\u00eb madhe ndaj \u00e7\u00ebshtjeve mjedisore dhe nd\u00ebrgjegj\u00ebsimin p\u00ebr nevoj\u00ebn p\u00ebr t'u p\u00ebrfshir\u00eb n\u00eb politikat q\u00eb duhet t\u00eb ndjekin. Edukimi mjedisor \u00ebsht\u00eb disiplina q\u00eb m\u00eb shum\u00eb se \u00e7do gj\u00eb tjet\u00ebr fokusohet n\u00eb studimin dhe thellimin \"n\u00eb terren\". P\u00ebr arritjen efektive t\u00eb objektivave arsimore, \u00ebsht\u00eb thelb\u00ebsore t\u00eb zhvillohen aktivitete n\u00eb kontakt t\u00eb drejtp\u00ebrdrejt\u00eb me mjedisin.<\/p>\n\n\n\n<p>Zhvillimi i Q\u00ebndruesh\u00ebm Ekologjik ka t\u00eb b\u00ebj\u00eb jo vet\u00ebm me mjedisin por edhe ekonomin\u00eb (konsumi, varf\u00ebria, veriu dhe jugu i bot\u00ebs) dhe kompanin\u00eb (t\u00eb drejtat, paqja, sh\u00ebndet\u00ebsia, larmia kulturore). \u00cbsht\u00eb nj\u00eb pro\u00e7es q\u00eb zgjat p\u00ebr nj\u00eb jet\u00eb dhe q\u00eb merr nj\u00eb qasje gjith\u00ebp\u00ebrfshir\u00ebse duke inkurajuar aplikimin e reflektimit dhe t\u00eb menduarit sistematik dhe nuk \u00ebsht\u00eb i kufizuar n\u00eb t\u00eb m\u00ebsuarit \"zyrtar\". Gjithashtu shtrihet n\u00eb shtesat joformale dhe informale, si integrime t\u00eb nevojshme p\u00ebr nj\u00eb fushat\u00eb informimi t\u00eb plot\u00eb p\u00ebr t\u00eb gjitha kompanit\u00eb e prodhimit \/ sh\u00ebrbimeve. Q\u00ebndrueshm\u00ebria mjedisore mbulon burimet natyrore, nivelet e ndotjes s\u00eb kaluar dhe t\u00eb tanishme, p\u00ebrpjekjet p\u00ebr menaxhim t\u00eb p\u00ebrbashket mjedisor, kontributet n\u00eb mbrojtjen e t\u00eb drejtave globale dhe aft\u00ebsin\u00eb e nj\u00eb shoq\u00ebrie p\u00ebr t\u00eb p\u00ebrmir\u00ebsuar performanc\u00ebn e saj mjedisore me kalimin e koh\u00ebs. <\/p>","protected":false},"excerpt":{"rendered":"<p>The environment surrounds us all. What is important is the Environmental Education. It is an essential tool for companies to raise a greater responsibility towards environmental issues, and awareness of the need to be involved in the policies to follow. The Environmental Education is the discipline that more than any [&hellip;]<\/p>","protected":false},"author":1,"featured_media":0,"parent":0,"menu_order":0,"comment_status":"closed","ping_status":"closed","template":"","meta":[],"yoast_head":"<!-- This site is optimized with the Yoast SEO plugin v15.5 - https:\/\/yoast.com\/wordpress\/plugins\/seo\/ -->\n<title>Environment \/ Eco Sustainability - Certi W South Balkans<\/title>\n<meta name=\"robots\" content=\"noindex, follow\" \/>\n<meta property=\"og:locale\" content=\"sq_AL\" \/>\n<meta property=\"og:type\" content=\"article\" \/>\n<meta property=\"og:title\" content=\"Environment \/ Eco Sustainability - Certi W South Balkans\" \/>\n<meta property=\"og:description\" content=\"The environment surrounds us all. What is important is the Environmental Education. It is an essential tool for companies to raise a greater responsibility towards environmental issues, and awareness of the need to be involved in the policies to follow. The Environmental Education is the discipline that more than any [&hellip;]\" \/>\n<meta property=\"og:url\" content=\"https:\/\/certiwsb.com\/sq\/environment-eco-sustainability\/\" \/>\n<meta property=\"og:site_name\" content=\"Certi W South Balkans\" \/>\n<meta property=\"article:modified_time\" content=\"2021-04-26T12:19:00+00:00\" \/>\n<meta name=\"twitter:card\" content=\"summary_large_image\" \/>\n<meta name=\"twitter:label1\" content=\"Est. reading time\">\n\t<meta name=\"twitter:data1\" content=\"1 minut\u00eb\">\n<script type=\"application\/ld+json\" class=\"yoast-schema-graph\">{\"@context\":\"https:\/\/schema.org\",\"@graph\":[{\"@type\":\"WebSite\",\"@id\":\"https:\/\/certiwsb.com\/sq\/#website\",\"url\":\"https:\/\/certiwsb.com\/sq\/\",\"name\":\"Certi W South Balkans\",\"description\":\"\",\"potentialAction\":[{\"@type\":\"SearchAction\",\"target\":\"https:\/\/certiwsb.com\/sq\/?s={search_term_string}\",\"query-input\":\"required name=search_term_string\"}],\"inLanguage\":\"sq\"},{\"@type\":\"WebPage\",\"@id\":\"https:\/\/certiwsb.com\/environment-eco-sustainability\/#webpage\",\"url\":\"https:\/\/certiwsb.com\/environment-eco-sustainability\/\",\"name\":\"Environment \/ Eco Sustainability - Certi W South Balkans\",\"isPartOf\":{\"@id\":\"https:\/\/certiwsb.com\/sq\/#website\"},\"datePublished\":\"2020-11-17T10:29:24+00:00\",\"dateModified\":\"2021-04-26T12:19:00+00:00\",\"inLanguage\":\"sq\",\"potentialAction\":[{\"@type\":\"ReadAction\",\"target\":[\"https:\/\/certiwsb.com\/environment-eco-sustainability\/\"]}]}]}<\/script>\n<!-- \/ Yoast SEO plugin. -->","_links":{"self":[{"href":"https:\/\/certiwsb.com\/sq\/wp-json\/wp\/v2\/pages\/6831"}],"collection":[{"href":"https:\/\/certiwsb.com\/sq\/wp-json\/wp\/v2\/pages"}],"about":[{"href":"https:\/\/certiwsb.com\/sq\/wp-json\/wp\/v2\/types\/page"}],"author":[{"embeddable":true,"href":"https:\/\/certiwsb.com\/sq\/wp-json\/wp\/v2\/users\/1"}],"replies":[{"embeddable":true,"href":"https:\/\/certiwsb.com\/sq\/wp-json\/wp\/v2\/comments?post=6831"}],"version-history":[{"count":4,"href":"https:\/\/certiwsb.com\/sq\/wp-json\/wp\/v2\/pages\/6831\/revisions"}],"predecessor-version":[{"id":7430,"href":"https:\/\/certiwsb.com\/sq\/wp-json\/wp\/v2\/pages\/6831\/revisions\/7430"}],"wp:attachment":[{"href":"https:\/\/certiwsb.com\/sq\/wp-json\/wp\/v2\/media?parent=6831"}],"curies":[{"name":"wp","href":"https:\/\/api.w.org\/{rel}","templated":true}]}}