{"id":6835,"date":"2020-11-17T11:31:41","date_gmt":"2020-11-17T10:31:41","guid":{"rendered":"https:\/\/certiwsb.com\/?page_id=6835"},"modified":"2020-11-17T11:31:56","modified_gmt":"2020-11-17T10:31:56","slug":"safety","status":"publish","type":"page","link":"https:\/\/certiwsb.com\/sq\/safety\/","title":{"rendered":"Siguria"},"content":{"rendered":"<p>Rregulli p\u00ebr sigurin\u00eb paraqet nj\u00eb num\u00ebr detyrimesh p\u00ebr t\u00eb drejtat e pun\u00ebdh\u00ebn\u00ebsit dhe t\u00eb pun\u00ebtor\u00ebve\/punonj\u00ebsve.<\/p>\n\n\n\n<p>N\u00eb ve\u00e7anti, detyrimet e pun\u00ebdh\u00ebn\u00ebsit jan\u00eb kryesisht n\u00eb vler\u00ebsimin e rrezikut t\u00eb biznesit, em\u00ebrimin e figurave t\u00eb detyrueshme t\u00eb angazhuara n\u00eb sh\u00ebrbimin e mbrojtjes nga zjarri (minimumi dy punonj\u00ebs p\u00ebr \u00e7do turn q\u00eb n\u00eb baz\u00eb t\u00eb dislokimit duhet t\u00eb jen\u00eb t\u00eb p\u00ebrshtatsh\u00ebm dhe t\u00eb mjaftuesh\u00ebm p\u00ebr t\u00eb siguruar masat e ndihm\u00ebs s\u00eb par\u00eb) dhe ndihm\u00ebn e par\u00eb.<\/p>\n\n\n\n<p>Siguria n\u00eb Pun\u00eb p\u00ebrfshin nj\u00eb plan monitorimi sh\u00ebndet\u00ebsor p\u00ebr pun\u00ebtor\u00ebt q\u00eb i n\u00ebnshtrohen rreziqeve specifike. Nd\u00ebr ato q\u00eb duhet t\u00eb zbatoj\u00eb pun\u00ebdh\u00ebn\u00ebsi p\u00ebrfshihet edhe caktimi i nj\u00eb mjeku kompetent p\u00ebr vizitat rutin\u00eb q\u00eb do t\u00eb kryhen p\u00ebr pun\u00ebtor\u00ebt e ekspozuar ndaj rreziqeve.<\/p>\n\n\n\n<p>Kompania duhet t\u00eb jet\u00eb e p\u00ebrq\u00ebndruar p\u00ebr t\u00eb eleminuar ose minimizuar rrezikun p\u00ebr punonj\u00ebsit dhe pal\u00ebt e tjera t\u00eb interesuara t\u00eb cil\u00ebt mund t\u00eb jen\u00eb t\u00eb ekspozuar ndaj rreziqeve q\u00eb lidhen me aktivitetet e tyre.<\/p>","protected":false},"excerpt":{"rendered":"<p>The rule for safety introduces a number of obligations for the employer and workers\u2019 rights. In particular, the obligations of the employer are primarily in the business risk assessment, the appointment of compulsory figures engaged in the service of fire protection (team or a minimum of two employees per shift [&hellip;]<\/p>","protected":false},"author":1,"featured_media":0,"parent":0,"menu_order":0,"comment_status":"closed","ping_status":"closed","template":"","meta":[],"yoast_head":"<!-- This site is optimized with the Yoast SEO plugin v15.5 - https:\/\/yoast.com\/wordpress\/plugins\/seo\/ -->\n<title>Safety - Certi W South Balkans<\/title>\n<meta name=\"robots\" content=\"noindex, follow\" \/>\n<meta property=\"og:locale\" content=\"sq_AL\" \/>\n<meta property=\"og:type\" content=\"article\" \/>\n<meta property=\"og:title\" content=\"Safety - Certi W South Balkans\" \/>\n<meta property=\"og:description\" content=\"The rule for safety introduces a number of obligations for the employer and workers\u2019 rights. In particular, the obligations of the employer are primarily in the business risk assessment, the appointment of compulsory figures engaged in the service of fire protection (team or a minimum of two employees per shift [&hellip;]\" \/>\n<meta property=\"og:url\" content=\"https:\/\/certiwsb.com\/sq\/safety\/\" \/>\n<meta property=\"og:site_name\" content=\"Certi W South Balkans\" \/>\n<meta property=\"article:modified_time\" content=\"2020-11-17T10:31:56+00:00\" \/>\n<meta name=\"twitter:card\" content=\"summary_large_image\" \/>\n<meta name=\"twitter:label1\" content=\"Est. reading time\">\n\t<meta name=\"twitter:data1\" content=\"1 minut\u00eb\">\n<script type=\"application\/ld+json\" class=\"yoast-schema-graph\">{\"@context\":\"https:\/\/schema.org\",\"@graph\":[{\"@type\":\"WebSite\",\"@id\":\"https:\/\/certiwsb.com\/sq\/#website\",\"url\":\"https:\/\/certiwsb.com\/sq\/\",\"name\":\"Certi W South Balkans\",\"description\":\"\",\"potentialAction\":[{\"@type\":\"SearchAction\",\"target\":\"https:\/\/certiwsb.com\/sq\/?s={search_term_string}\",\"query-input\":\"required name=search_term_string\"}],\"inLanguage\":\"sq\"},{\"@type\":\"WebPage\",\"@id\":\"https:\/\/certiwsb.com\/safety\/#webpage\",\"url\":\"https:\/\/certiwsb.com\/safety\/\",\"name\":\"Safety - Certi W South Balkans\",\"isPartOf\":{\"@id\":\"https:\/\/certiwsb.com\/sq\/#website\"},\"datePublished\":\"2020-11-17T10:31:41+00:00\",\"dateModified\":\"2020-11-17T10:31:56+00:00\",\"inLanguage\":\"sq\",\"potentialAction\":[{\"@type\":\"ReadAction\",\"target\":[\"https:\/\/certiwsb.com\/safety\/\"]}]}]}<\/script>\n<!-- \/ Yoast SEO plugin. -->","_links":{"self":[{"href":"https:\/\/certiwsb.com\/sq\/wp-json\/wp\/v2\/pages\/6835"}],"collection":[{"href":"https:\/\/certiwsb.com\/sq\/wp-json\/wp\/v2\/pages"}],"about":[{"href":"https:\/\/certiwsb.com\/sq\/wp-json\/wp\/v2\/types\/page"}],"author":[{"embeddable":true,"href":"https:\/\/certiwsb.com\/sq\/wp-json\/wp\/v2\/users\/1"}],"replies":[{"embeddable":true,"href":"https:\/\/certiwsb.com\/sq\/wp-json\/wp\/v2\/comments?post=6835"}],"version-history":[{"count":1,"href":"https:\/\/certiwsb.com\/sq\/wp-json\/wp\/v2\/pages\/6835\/revisions"}],"predecessor-version":[{"id":6837,"href":"https:\/\/certiwsb.com\/sq\/wp-json\/wp\/v2\/pages\/6835\/revisions\/6837"}],"wp:attachment":[{"href":"https:\/\/certiwsb.com\/sq\/wp-json\/wp\/v2\/media?parent=6835"}],"curies":[{"name":"wp","href":"https:\/\/api.w.org\/{rel}","templated":true}]}}