{"id":6838,"date":"2020-11-17T11:33:08","date_gmt":"2020-11-17T10:33:08","guid":{"rendered":"https:\/\/certiwsb.com\/?page_id=6838"},"modified":"2020-11-17T11:33:18","modified_gmt":"2020-11-17T10:33:18","slug":"information-and-communication-technologies","status":"publish","type":"page","link":"https:\/\/certiwsb.com\/sq\/information-and-communication-technologies\/","title":{"rendered":"Informacioni dhe Teknologjia"},"content":{"rendered":"<p>Standardet ICT jan\u00eb metodologji q\u00eb u mund\u00ebsojn\u00eb kompanive \/ organizatave t\u00eb zbatojn\u00eb teknikat e siguris\u00eb t\u00eb krijuara p\u00ebr t\u00eb minimizuar sasin\u00eb dhe rreziqet e k\u00ebrc\u00ebnimeve t\u00eb siguris\u00eb kibernetike. Udh\u00ebzuesit q\u00eb p\u00ebrmbahen n\u00eb dokumentet q\u00eb p\u00ebrshkruajn\u00eb k\u00ebto standarde ofrojn\u00eb udh\u00ebzime t\u00eb p\u00ebrgjithshme dhe specifika teknike p\u00ebr holl\u00ebsira, t\u00eb cilat, n\u00ebse zbatohen si\u00e7 duhet, mund t\u00eb ndihmojn\u00eb p\u00ebr t\u00eb implementuar nj\u00eb sistem efektiv t\u00eb siguris\u00eb s\u00eb informacionit. P\u00ebr disa standarde \u00ebsht\u00eb gjithashtu e mundur t\u00eb arrihet dhe \u00e7ertifikimi. Nd\u00ebr avantazhet e t\u00eb pasurit t\u00eb nj\u00eb \u00e7ertifikimi \u00ebsht\u00eb leht\u00ebsia m\u00eb e madhe n\u00eb marrjen e nj\u00eb police sigurimi n\u00eb fush\u00ebn e siguris\u00eb kompjuterike.<\/p>","protected":false},"excerpt":{"rendered":"<p>ICT standards are methodologies that enable organizations to implement security techniques designed to minimize the amount and the dangers of cyber security threats. The guides contained in the documents that describe these standards provide general guidance and technical measures to detail, which, if properly applied, can help to put in [&hellip;]<\/p>","protected":false},"author":1,"featured_media":0,"parent":0,"menu_order":0,"comment_status":"closed","ping_status":"closed","template":"","meta":[],"yoast_head":"<!-- This site is optimized with the Yoast SEO plugin v15.5 - https:\/\/yoast.com\/wordpress\/plugins\/seo\/ -->\n<title>Information and Communication Technologies - Certi W South Balkans<\/title>\n<meta name=\"robots\" content=\"noindex, follow\" \/>\n<meta property=\"og:locale\" content=\"sq_AL\" \/>\n<meta property=\"og:type\" content=\"article\" \/>\n<meta property=\"og:title\" content=\"Information and Communication Technologies - Certi W South Balkans\" \/>\n<meta property=\"og:description\" content=\"ICT standards are methodologies that enable organizations to implement security techniques designed to minimize the amount and the dangers of cyber security threats. The guides contained in the documents that describe these standards provide general guidance and technical measures to detail, which, if properly applied, can help to put in [&hellip;]\" \/>\n<meta property=\"og:url\" content=\"https:\/\/certiwsb.com\/sq\/information-and-communication-technologies\/\" \/>\n<meta property=\"og:site_name\" content=\"Certi W South Balkans\" \/>\n<meta property=\"article:modified_time\" content=\"2020-11-17T10:33:18+00:00\" \/>\n<meta name=\"twitter:card\" content=\"summary_large_image\" \/>\n<meta name=\"twitter:label1\" content=\"Est. reading time\">\n\t<meta name=\"twitter:data1\" content=\"0 minuta\">\n<script type=\"application\/ld+json\" class=\"yoast-schema-graph\">{\"@context\":\"https:\/\/schema.org\",\"@graph\":[{\"@type\":\"WebSite\",\"@id\":\"https:\/\/certiwsb.com\/sq\/#website\",\"url\":\"https:\/\/certiwsb.com\/sq\/\",\"name\":\"Certi W South Balkans\",\"description\":\"\",\"potentialAction\":[{\"@type\":\"SearchAction\",\"target\":\"https:\/\/certiwsb.com\/sq\/?s={search_term_string}\",\"query-input\":\"required name=search_term_string\"}],\"inLanguage\":\"sq\"},{\"@type\":\"WebPage\",\"@id\":\"https:\/\/certiwsb.com\/information-and-communication-technologies\/#webpage\",\"url\":\"https:\/\/certiwsb.com\/information-and-communication-technologies\/\",\"name\":\"Information and Communication Technologies - Certi W South Balkans\",\"isPartOf\":{\"@id\":\"https:\/\/certiwsb.com\/sq\/#website\"},\"datePublished\":\"2020-11-17T10:33:08+00:00\",\"dateModified\":\"2020-11-17T10:33:18+00:00\",\"inLanguage\":\"sq\",\"potentialAction\":[{\"@type\":\"ReadAction\",\"target\":[\"https:\/\/certiwsb.com\/information-and-communication-technologies\/\"]}]}]}<\/script>\n<!-- \/ Yoast SEO plugin. -->","_links":{"self":[{"href":"https:\/\/certiwsb.com\/sq\/wp-json\/wp\/v2\/pages\/6838"}],"collection":[{"href":"https:\/\/certiwsb.com\/sq\/wp-json\/wp\/v2\/pages"}],"about":[{"href":"https:\/\/certiwsb.com\/sq\/wp-json\/wp\/v2\/types\/page"}],"author":[{"embeddable":true,"href":"https:\/\/certiwsb.com\/sq\/wp-json\/wp\/v2\/users\/1"}],"replies":[{"embeddable":true,"href":"https:\/\/certiwsb.com\/sq\/wp-json\/wp\/v2\/comments?post=6838"}],"version-history":[{"count":1,"href":"https:\/\/certiwsb.com\/sq\/wp-json\/wp\/v2\/pages\/6838\/revisions"}],"predecessor-version":[{"id":6840,"href":"https:\/\/certiwsb.com\/sq\/wp-json\/wp\/v2\/pages\/6838\/revisions\/6840"}],"wp:attachment":[{"href":"https:\/\/certiwsb.com\/sq\/wp-json\/wp\/v2\/media?parent=6838"}],"curies":[{"name":"wp","href":"https:\/\/api.w.org\/{rel}","templated":true}]}}