{"id":6841,"date":"2020-11-17T11:34:00","date_gmt":"2020-11-17T10:34:00","guid":{"rendered":"https:\/\/certiwsb.com\/?page_id=6841"},"modified":"2020-11-17T11:34:48","modified_gmt":"2020-11-17T10:34:48","slug":"energy","status":"publish","type":"page","link":"https:\/\/certiwsb.com\/sq\/energy\/","title":{"rendered":"Energjia"},"content":{"rendered":"<p>Standarti siguron nj\u00eb baz\u00eb p\u00ebr kompanit\u00eb \/ organizatat q\u00eb t\u00eb demonstrojn\u00eb se zbatojn\u00eb nj\u00eb sistem efektiv, jo vet\u00ebm p\u00ebr t\u00eb arritur p\u00ebrmir\u00ebsime n\u00eb performanc\u00ebn e tyre t\u00eb energjis\u00eb, por edhe p\u00ebr t\u00eb bler\u00eb produkte dhe sh\u00ebrbime me efi\u00e7en\u00e7\u00eb t\u00eb energjis\u00eb dhe p\u00ebr t\u00eb p\u00ebrfshir\u00eb zhvillime p\u00ebr t\u00eb p\u00ebrmir\u00ebsuar performanc\u00ebn e energjis\u00eb.<\/p>\n\n\n\n<p>Burimet e energjis\u00eb jan\u00eb gjithnj\u00eb e m\u00eb t\u00eb paparashikueshme.<\/p>\n\n\n\n<p>&nbsp;N\u00eb vitet e fundit, shum\u00eb qeveri n\u00eb t\u00eb gjith\u00eb bot\u00ebn, si vendet e zhvilluara ashtu edhe vendet n\u00eb zhvillim, kan\u00eb vendosur p\u00ebrmir\u00ebsimin e efi\u00e7en\u00e7\u00ebs s\u00eb energjis\u00eb n\u00eb krye t\u00eb axhendave t\u00eb tyre politike, duke njohur k\u00ebshtu rolin thelb\u00ebsor q\u00eb ajo ka n\u00eb rritjen e siguris\u00eb s\u00eb energjis\u00eb dhe zvog\u00eblimin e emetimeve t\u00eb gazrave.<\/p>","protected":false},"excerpt":{"rendered":"<p>The norm provides a basis for organizations to demonstrate that implement an effective system, not only to achieve improvements in their own energy performance, but also to buy energy-efficient products and services and incorporate developments to improve energy performance. Energy resources are increasingly unpredictable. &nbsp;In the recent years, many governments [&hellip;]<\/p>","protected":false},"author":1,"featured_media":0,"parent":0,"menu_order":0,"comment_status":"closed","ping_status":"closed","template":"","meta":[],"yoast_head":"<!-- This site is optimized with the Yoast SEO plugin v15.5 - https:\/\/yoast.com\/wordpress\/plugins\/seo\/ -->\n<title>Energy - Certi W South Balkans<\/title>\n<meta name=\"robots\" content=\"noindex, follow\" \/>\n<meta property=\"og:locale\" content=\"sq_AL\" \/>\n<meta property=\"og:type\" content=\"article\" \/>\n<meta property=\"og:title\" content=\"Energy - Certi W South Balkans\" \/>\n<meta property=\"og:description\" content=\"The norm provides a basis for organizations to demonstrate that implement an effective system, not only to achieve improvements in their own energy performance, but also to buy energy-efficient products and services and incorporate developments to improve energy performance. Energy resources are increasingly unpredictable. &nbsp;In the recent years, many governments [&hellip;]\" \/>\n<meta property=\"og:url\" content=\"https:\/\/certiwsb.com\/sq\/energy\/\" \/>\n<meta property=\"og:site_name\" content=\"Certi W South Balkans\" \/>\n<meta property=\"article:modified_time\" content=\"2020-11-17T10:34:48+00:00\" \/>\n<meta name=\"twitter:card\" content=\"summary_large_image\" \/>\n<meta name=\"twitter:label1\" content=\"Est. reading time\">\n\t<meta name=\"twitter:data1\" content=\"0 minuta\">\n<script type=\"application\/ld+json\" class=\"yoast-schema-graph\">{\"@context\":\"https:\/\/schema.org\",\"@graph\":[{\"@type\":\"WebSite\",\"@id\":\"https:\/\/certiwsb.com\/sq\/#website\",\"url\":\"https:\/\/certiwsb.com\/sq\/\",\"name\":\"Certi W South Balkans\",\"description\":\"\",\"potentialAction\":[{\"@type\":\"SearchAction\",\"target\":\"https:\/\/certiwsb.com\/sq\/?s={search_term_string}\",\"query-input\":\"required name=search_term_string\"}],\"inLanguage\":\"sq\"},{\"@type\":\"WebPage\",\"@id\":\"https:\/\/certiwsb.com\/energy\/#webpage\",\"url\":\"https:\/\/certiwsb.com\/energy\/\",\"name\":\"Energy - Certi W South Balkans\",\"isPartOf\":{\"@id\":\"https:\/\/certiwsb.com\/sq\/#website\"},\"datePublished\":\"2020-11-17T10:34:00+00:00\",\"dateModified\":\"2020-11-17T10:34:48+00:00\",\"inLanguage\":\"sq\",\"potentialAction\":[{\"@type\":\"ReadAction\",\"target\":[\"https:\/\/certiwsb.com\/energy\/\"]}]}]}<\/script>\n<!-- \/ Yoast SEO plugin. -->","_links":{"self":[{"href":"https:\/\/certiwsb.com\/sq\/wp-json\/wp\/v2\/pages\/6841"}],"collection":[{"href":"https:\/\/certiwsb.com\/sq\/wp-json\/wp\/v2\/pages"}],"about":[{"href":"https:\/\/certiwsb.com\/sq\/wp-json\/wp\/v2\/types\/page"}],"author":[{"embeddable":true,"href":"https:\/\/certiwsb.com\/sq\/wp-json\/wp\/v2\/users\/1"}],"replies":[{"embeddable":true,"href":"https:\/\/certiwsb.com\/sq\/wp-json\/wp\/v2\/comments?post=6841"}],"version-history":[{"count":1,"href":"https:\/\/certiwsb.com\/sq\/wp-json\/wp\/v2\/pages\/6841\/revisions"}],"predecessor-version":[{"id":6843,"href":"https:\/\/certiwsb.com\/sq\/wp-json\/wp\/v2\/pages\/6841\/revisions\/6843"}],"wp:attachment":[{"href":"https:\/\/certiwsb.com\/sq\/wp-json\/wp\/v2\/media?parent=6841"}],"curies":[{"name":"wp","href":"https:\/\/api.w.org\/{rel}","templated":true}]}}