{"id":6844,"date":"2020-11-17T11:36:20","date_gmt":"2020-11-17T10:36:20","guid":{"rendered":"https:\/\/certiwsb.com\/?page_id=6844"},"modified":"2020-11-17T11:36:30","modified_gmt":"2020-11-17T10:36:30","slug":"legal-conformity","status":"publish","type":"page","link":"https:\/\/certiwsb.com\/sq\/legal-conformity\/","title":{"rendered":"Konformiteti Ligjor"},"content":{"rendered":"<p>N\u00eb lidhj\u00eb me sistemet e menaxhimit, legjislacioni i zbatuesh\u00ebm, n\u00eb lidhje me llojin e pro\u00e7eseve organizative, \u00ebsht\u00eb ve\u00e7an\u00ebrisht kompleks dhe, ndonj\u00ebher\u00eb, nuk ka nj\u00eb interpretim t\u00eb qart\u00eb. Nd\u00ebrsa, nga ana tjet\u00ebr, ka kufij t\u00eb emetimit p\u00ebr ndot\u00ebs dhe k\u00ebrkesa t\u00eb ndryshme p\u00ebr arritjen e efikasitetit maksimal n\u00eb konsumin e burimeve natyrore. Duhet t\u00eb konsiderohet niveli minimal i performanc\u00ebs mjedisore ose i siguris\u00eb q\u00eb kompanit\u00eb \/ organizatat duhet t\u00eb respektojn\u00eb.<\/p>","protected":false},"excerpt":{"rendered":"<p>In the field of management systems, the applicable law, in relation to the type of organization processes, is particularly complex and, at times, has no clear interpretation: however, where there are emission limits for various pollutants and requirements for the achieving maximum efficiency in the consumption of natural resources, these [&hellip;]<\/p>","protected":false},"author":1,"featured_media":0,"parent":0,"menu_order":0,"comment_status":"closed","ping_status":"closed","template":"","meta":[],"yoast_head":"<!-- This site is optimized with the Yoast SEO plugin v15.5 - https:\/\/yoast.com\/wordpress\/plugins\/seo\/ -->\n<title>Legal Conformity - Certi W South Balkans<\/title>\n<meta name=\"robots\" content=\"noindex, follow\" \/>\n<meta property=\"og:locale\" content=\"sq_AL\" \/>\n<meta property=\"og:type\" content=\"article\" \/>\n<meta property=\"og:title\" content=\"Legal Conformity - Certi W South Balkans\" \/>\n<meta property=\"og:description\" content=\"In the field of management systems, the applicable law, in relation to the type of organization processes, is particularly complex and, at times, has no clear interpretation: however, where there are emission limits for various pollutants and requirements for the achieving maximum efficiency in the consumption of natural resources, these [&hellip;]\" \/>\n<meta property=\"og:url\" content=\"https:\/\/certiwsb.com\/sq\/legal-conformity\/\" \/>\n<meta property=\"og:site_name\" content=\"Certi W South Balkans\" \/>\n<meta property=\"article:modified_time\" content=\"2020-11-17T10:36:30+00:00\" \/>\n<meta name=\"twitter:card\" content=\"summary_large_image\" \/>\n<meta name=\"twitter:label1\" content=\"Est. reading time\">\n\t<meta name=\"twitter:data1\" content=\"0 minuta\">\n<script type=\"application\/ld+json\" class=\"yoast-schema-graph\">{\"@context\":\"https:\/\/schema.org\",\"@graph\":[{\"@type\":\"WebSite\",\"@id\":\"https:\/\/certiwsb.com\/sq\/#website\",\"url\":\"https:\/\/certiwsb.com\/sq\/\",\"name\":\"Certi W South Balkans\",\"description\":\"\",\"potentialAction\":[{\"@type\":\"SearchAction\",\"target\":\"https:\/\/certiwsb.com\/sq\/?s={search_term_string}\",\"query-input\":\"required name=search_term_string\"}],\"inLanguage\":\"sq\"},{\"@type\":\"WebPage\",\"@id\":\"https:\/\/certiwsb.com\/legal-conformity\/#webpage\",\"url\":\"https:\/\/certiwsb.com\/legal-conformity\/\",\"name\":\"Legal Conformity - Certi W South Balkans\",\"isPartOf\":{\"@id\":\"https:\/\/certiwsb.com\/sq\/#website\"},\"datePublished\":\"2020-11-17T10:36:20+00:00\",\"dateModified\":\"2020-11-17T10:36:30+00:00\",\"inLanguage\":\"sq\",\"potentialAction\":[{\"@type\":\"ReadAction\",\"target\":[\"https:\/\/certiwsb.com\/legal-conformity\/\"]}]}]}<\/script>\n<!-- \/ Yoast SEO plugin. -->","_links":{"self":[{"href":"https:\/\/certiwsb.com\/sq\/wp-json\/wp\/v2\/pages\/6844"}],"collection":[{"href":"https:\/\/certiwsb.com\/sq\/wp-json\/wp\/v2\/pages"}],"about":[{"href":"https:\/\/certiwsb.com\/sq\/wp-json\/wp\/v2\/types\/page"}],"author":[{"embeddable":true,"href":"https:\/\/certiwsb.com\/sq\/wp-json\/wp\/v2\/users\/1"}],"replies":[{"embeddable":true,"href":"https:\/\/certiwsb.com\/sq\/wp-json\/wp\/v2\/comments?post=6844"}],"version-history":[{"count":1,"href":"https:\/\/certiwsb.com\/sq\/wp-json\/wp\/v2\/pages\/6844\/revisions"}],"predecessor-version":[{"id":6846,"href":"https:\/\/certiwsb.com\/sq\/wp-json\/wp\/v2\/pages\/6844\/revisions\/6846"}],"wp:attachment":[{"href":"https:\/\/certiwsb.com\/sq\/wp-json\/wp\/v2\/media?parent=6844"}],"curies":[{"name":"wp","href":"https:\/\/api.w.org\/{rel}","templated":true}]}}