{"id":6847,"date":"2020-11-17T11:37:12","date_gmt":"2020-11-17T10:37:12","guid":{"rendered":"https:\/\/certiwsb.com\/?page_id=6847"},"modified":"2020-11-17T11:38:36","modified_gmt":"2020-11-17T10:38:36","slug":"social-responsability","status":"publish","type":"page","link":"https:\/\/certiwsb.com\/sq\/social-responsability\/","title":{"rendered":"P\u00ebrgjegj\u00ebsia Sociale"},"content":{"rendered":"<p>P\u00ebrgjegj\u00ebsia Sociale e kompanis\u00eb \/ organizat\u00ebs, n\u00eb zhargonin e mjedisit ekonomik dhe financiar, \u00ebsht\u00eb fush\u00ebveprimi n\u00eb lidhje me implikimet etike t\u00eb vizionit strategjik br\u00ebnda kompanis\u00eb. Ajo \u00ebsht\u00eb nj\u00eb manifestim i vullnetit t\u00eb nd\u00ebrmarrjeve t\u00eb m\u00ebdha, t\u00eb vogla dhe t\u00eb mesme p\u00ebr t\u00eb menaxhuar n\u00eb m\u00ebnyr\u00eb efektive \u00e7\u00ebshtjet e ndikimin social dhe etik n\u00eb fushat e tyre t\u00eb br\u00ebndshme t\u00eb veprimtaris\u00eb.<\/p>\n\n\n\n<p>Konteksti historik n\u00eb t\u00eb cilin zhvillohet nocioni i P\u00ebrgjegj\u00ebsis\u00eb Sociale \u00ebsht\u00eb nj\u00eb kontekst kulturor dhe akademik n\u00eb t\u00eb cilin k\u00ebrkohet q\u00eb nj\u00eb nd\u00ebrmarrje t\u00eb miratoj\u00eb sjellje t\u00eb p\u00ebrgjegjshme shoq\u00ebrore, duke monitoruar dhe duke iu p\u00ebrgjigjur funksioneve ekonomike, mjedisore dhe sociale t\u00eb t\u00eb gjith\u00eb pal\u00ebve t\u00eb interesit me synimin p\u00ebr t\u00eb kapur nj\u00eb avantazh konkurrues dhe p\u00ebr t\u00eb maksimizuar fitimet afatgjata.<\/p>\n\n\n\n<p>Drejtoris\u00eb i \u00ebsht\u00eb caktuar detyra e hartimit t\u00eb nj\u00eb politike q\u00eb shpreh nj\u00eb angazhim p\u00ebr t\u00eb p\u00ebrmbushur k\u00ebrkesat dhe detyrimin kompleks ligjor, si dhe p\u00ebr t\u00eb siguruar nj\u00eb politik\u00eb t\u00eb duhur t\u00eb p\u00ebrmir\u00ebsimit t\u00eb vazhduesh\u00ebm, me q\u00ebllim p\u00ebrcaktimin e rregullave t\u00eb rritjes s\u00eb nd\u00ebrmarrjes me nj\u00eb vullnet t\u00eb mir\u00eb.<\/p>\n\n\n\n<p>Kompania duhet t\u00eb angazhohet p\u00ebr t\u00eb rishikuar periodikisht p\u00ebrshtatshm\u00ebrin\u00eb dhe efektivitetin si dhe krahasimin e performanc\u00ebs me k\u00ebrkesat nga perspektiva e p\u00ebrmir\u00ebsimit t\u00eb vazhduesh\u00ebm.<\/p>","protected":false},"excerpt":{"rendered":"<p>The Corporate Social Responsibility is, in the jargon of economic and financial environment, the scope concerning the ethical implications of strategic vision within the company: it is a manifestation of the will of large, small and medium-sized enterprises to effectively manage the issues of social and ethical impact of their [&hellip;]<\/p>","protected":false},"author":1,"featured_media":0,"parent":0,"menu_order":0,"comment_status":"closed","ping_status":"closed","template":"","meta":[],"yoast_head":"<!-- This site is optimized with the Yoast SEO plugin v15.5 - https:\/\/yoast.com\/wordpress\/plugins\/seo\/ -->\n<title>Social Responsability - Certi W South Balkans<\/title>\n<meta name=\"robots\" content=\"noindex, follow\" \/>\n<meta property=\"og:locale\" content=\"sq_AL\" \/>\n<meta property=\"og:type\" content=\"article\" \/>\n<meta property=\"og:title\" content=\"Social Responsability - Certi W South Balkans\" \/>\n<meta property=\"og:description\" content=\"The Corporate Social Responsibility is, in the jargon of economic and financial environment, the scope concerning the ethical implications of strategic vision within the company: it is a manifestation of the will of large, small and medium-sized enterprises to effectively manage the issues of social and ethical impact of their [&hellip;]\" \/>\n<meta property=\"og:url\" content=\"https:\/\/certiwsb.com\/sq\/social-responsability\/\" \/>\n<meta property=\"og:site_name\" content=\"Certi W South Balkans\" \/>\n<meta property=\"article:modified_time\" content=\"2020-11-17T10:38:36+00:00\" \/>\n<meta name=\"twitter:card\" content=\"summary_large_image\" \/>\n<meta name=\"twitter:label1\" content=\"Est. reading time\">\n\t<meta name=\"twitter:data1\" content=\"1 minut\u00eb\">\n<script type=\"application\/ld+json\" class=\"yoast-schema-graph\">{\"@context\":\"https:\/\/schema.org\",\"@graph\":[{\"@type\":\"WebSite\",\"@id\":\"https:\/\/certiwsb.com\/sq\/#website\",\"url\":\"https:\/\/certiwsb.com\/sq\/\",\"name\":\"Certi W South Balkans\",\"description\":\"\",\"potentialAction\":[{\"@type\":\"SearchAction\",\"target\":\"https:\/\/certiwsb.com\/sq\/?s={search_term_string}\",\"query-input\":\"required name=search_term_string\"}],\"inLanguage\":\"sq\"},{\"@type\":\"WebPage\",\"@id\":\"https:\/\/certiwsb.com\/social-responsability\/#webpage\",\"url\":\"https:\/\/certiwsb.com\/social-responsability\/\",\"name\":\"Social Responsability - Certi W South Balkans\",\"isPartOf\":{\"@id\":\"https:\/\/certiwsb.com\/sq\/#website\"},\"datePublished\":\"2020-11-17T10:37:12+00:00\",\"dateModified\":\"2020-11-17T10:38:36+00:00\",\"inLanguage\":\"sq\",\"potentialAction\":[{\"@type\":\"ReadAction\",\"target\":[\"https:\/\/certiwsb.com\/social-responsability\/\"]}]}]}<\/script>\n<!-- \/ Yoast SEO plugin. -->","_links":{"self":[{"href":"https:\/\/certiwsb.com\/sq\/wp-json\/wp\/v2\/pages\/6847"}],"collection":[{"href":"https:\/\/certiwsb.com\/sq\/wp-json\/wp\/v2\/pages"}],"about":[{"href":"https:\/\/certiwsb.com\/sq\/wp-json\/wp\/v2\/types\/page"}],"author":[{"embeddable":true,"href":"https:\/\/certiwsb.com\/sq\/wp-json\/wp\/v2\/users\/1"}],"replies":[{"embeddable":true,"href":"https:\/\/certiwsb.com\/sq\/wp-json\/wp\/v2\/comments?post=6847"}],"version-history":[{"count":2,"href":"https:\/\/certiwsb.com\/sq\/wp-json\/wp\/v2\/pages\/6847\/revisions"}],"predecessor-version":[{"id":6850,"href":"https:\/\/certiwsb.com\/sq\/wp-json\/wp\/v2\/pages\/6847\/revisions\/6850"}],"wp:attachment":[{"href":"https:\/\/certiwsb.com\/sq\/wp-json\/wp\/v2\/media?parent=6847"}],"curies":[{"name":"wp","href":"https:\/\/api.w.org\/{rel}","templated":true}]}}