{"id":6875,"date":"2020-11-17T13:02:41","date_gmt":"2020-11-17T12:02:41","guid":{"rendered":"https:\/\/certiwsb.com\/?page_id=6875"},"modified":"2020-11-17T13:02:44","modified_gmt":"2020-11-17T12:02:44","slug":"certification","status":"publish","type":"page","link":"https:\/\/certiwsb.com\/sq\/certification\/","title":{"rendered":"\u00c7ertifikimi"},"content":{"rendered":"<h1 style=\"font-size:22px\">Pes\u00eb fazat e regjistrimit t\u00eb sistemit t\u00eb menaxhimit<\/h1>\n\n\n\n<h3 class=\"has-medium-font-size\">1. K\u00ebrkesa p\u00ebr \u00e7ertifikim<\/h3>\n\n\n\n<p class=\" translation-block\">\u00c7ertifikimi i n\u00ebnshtrohet mbik\u00ebqyrjes. Edhe vet\u00eb organet \u00e7ertifikuese auditohen nga autoritetet dhe organizmat p\u00ebrkat\u00ebse, si pjes\u00eb e procesit t\u00eb miratimit dhe akreditimit. N\u00eb Letoni, Byroja Komb\u00ebtare e Akreditimit t\u00eb Letonis\u00eb (LATAK), \u00ebsht\u00eb organi i caktuar p\u00ebr akreditimin e organeve t\u00eb \u00e7ertifikimit sipas ISO \/ IEC 17021-1 n\u00eb versionin e fundit, i cili k\u00ebrkon pavar\u00ebsi, kompetenc\u00eb dhe paan\u00ebsi. Certi W \u00ae merr t\u00eb gjitha masat e nevojshme p\u00ebr t\u00eb p\u00ebrmbushur k\u00ebto k\u00ebrkesa dhe p\u00ebr t\u00eb siguruar besueshm\u00ebrin\u00eb e vendimeve t\u00eb veta.<\/p>\n\n\n\n<h3 class=\"has-medium-font-size\">2.Aplikimi<\/h3>\n\n\n\n<p class=\" translation-block\">Certi W \u00ae \u00ebsht\u00eb akredituar nga LATAK, an\u00ebtar i MLA. P\u00ebr informacion mbi perimetrin e akreditimit, ju lutemi shkoni n\u00eb <a href=\"https:\/\/www.latak.gov.lv\/index.php?option=com_institucijas&view=institucijas&type=S2&Itemid=461&lang=en\" target=\"_self\" rel=\"noreferrer noopener\">www.latak.lv<\/a><\/p>\n\n\n\n<h3 class=\"has-medium-font-size\">3. Vler\u00ebsimi fillestar<\/h3>\n\n\n\n<p class=\" translation-block\">P\u00ebr t'i dh\u00ebn\u00eb mund\u00ebsi Certi W \u00ae t\u00eb konfirmoj\u00eb se sistemi juaj i menaxhimit plot\u00ebson kushtet e marr\u00ebveshjes dhe standardin e specifikuar, ne k\u00ebrkojm\u00eb nga ju q\u00eb:<\/p>\n\n\n\n<p class=\" translation-block\">a) t\u00eb paguani tarif\u00ebn e vler\u00ebsimit t\u00eb plot\u00eb t\u00eb specifikuar n\u00eb kuotim,\nb) mund\u00ebsoni q\u00eb Certi W t\u00eb ket\u00eb qasje n\u00eb t\u00eb gjitha t\u00eb dh\u00ebnat, dokumentacionin, zonat e pun\u00ebs dhe personelin p\u00ebrkat\u00ebs t\u00eb  deklaruar nga ju,\nc) n\u00eb koh\u00ebn e auditimit t\u00eb tregoni pajtueshm\u00ebri me standardin e specifikuar sipas k\u00ebrkesave t\u00eb Certi W \u00ae\nd) t\u00eb em\u00ebroni nj\u00eb p\u00ebrgjegj\u00ebs t\u00eb menaxhimit dhe t\u00eb njoftoni Certi W \u00ae p\u00ebr k\u00ebt\u00eb.<\/p>\n\n\n\n<p class=\" translation-block\">N\u00ebse p\u00ebr Certi W \u00ae pikat m\u00eb sip\u00ebr nuk jan\u00eb plot\u00ebsuar n\u00eb m\u00ebnyr\u00eb t\u00eb p\u00ebrshtatshme gjat\u00eb vizit\u00ebs fillestare t\u00eb vler\u00ebsimit, mund t\u00eb jet\u00eb e nevojshme t\u00eb nd\u00ebrmerren audite t\u00eb tjera speciale para se t\u00eb jepet \u00e7ertifikimi.<\/p>\n\n\n\n<p class=\" translation-block\">N\u00eb nj\u00eb rast t\u00eb till\u00eb, \u00e7do vizit\u00eb speciale do t\u00eb vendoset paraprakisht dhe do t\u00eb tarifohet me tarif\u00ebn e Certi W \u00ae t\u00eb specifikuar n\u00eb kuotim.<\/p>\n\n\n\n<h3 class=\"has-medium-font-size\">4. \u00c7ertifikimi<\/h3>\n\n\n\n<p class=\" translation-block\">Kur Certi W \u00ae t\u00eb jet\u00eb e bindur p\u00ebr p\u00ebrshtatshm\u00ebrin\u00eb e sistemit tuaj, do t'ju ofroj\u00eb (pas konsultimit me ju) nj\u00eb draft t\u00eb fush\u00ebs s\u00eb \u00e7ertifikimit q\u00eb p\u00ebrshkruan aktivitetet e audituara dhe adresat p\u00ebrkatese ku zhvillohen. N\u00eb vijim t\u00eb k\u00ebsaj ju do t\u00eb merrni nj\u00eb \u00c7ertifikat\u00eb t\u00eb Regjistrimit t\u00eb n\u00ebnshkruar nga Certi W shoq\u00ebruar me kushtet e p\u00ebrdorimit dhe vlefshm\u00ebris\u00eb s\u00eb saj.<\/p>\n\n\n\n<p class=\" translation-block\">Certi W \u00ae n\u00eb \u00e7do koh\u00eb mund t\u00eb refuzoj\u00eb l\u00ebshimin e nj\u00eb \u00c7ertifikate ose revokimin apo pezullimin e nj\u00eb \u00c7ertifikate t\u00eb till\u00eb n\u00eb rrethana kur, sipas mendimit t\u00eb Certi W, pajtueshm\u00ebria me standardin e specifikuar ose marr\u00ebveshjen (duke p\u00ebrfshir\u00eb dhe p\u00ebrdorimin e logos) nuk \u00ebsht\u00eb p\u00ebrmbushur ende.<\/p>\n\n\n\n<h3 class=\"has-medium-font-size\">5. Vazhdimi dhe rivler\u00ebsimet<\/h3>\n\n\n\n<p class=\" translation-block\">Esht\u00eb nj\u00eb nga kushtet e k\u00ebsaj Marr\u00ebveshje q\u00eb ju duhet t\u00eb njoftoni me shkrim Certi W \u00ae n\u00ebse n\u00eb nj\u00eb moment t\u00eb caktuar kohor nuk do jeni n\u00eb p\u00ebrputhje me k\u00ebt\u00eb marr\u00ebveshje ose standardin e specifikuar. Gjat\u00eb ciklit t\u00eb \u00e7ertifikimit Certi W \u00ae do t\u00eb b\u00ebj\u00eb vizita t\u00eb rregullta p\u00ebr t\u00eb konstatuar efektivitetin e vazhduesh\u00ebm t\u00eb sistemit tuaj t\u00eb menaxhimit dhe n\u00eb rrethana t\u00eb caktuara, duke p\u00ebrfshir\u00eb moskonformitetin me standardin e specifikuar, mund t\u00eb jet\u00eb e nevojshme q\u00eb Certi W \u00ae t\u00eb b\u00ebj\u00eb vizita t\u00eb ve\u00e7anta. Koh\u00ebzgjatja dhe frekuenca e vizitave t\u00eb rregullta dhe t\u00eb ve\u00e7anta nuk \u00ebsht\u00eb fikse, por do t\u00eb jet\u00eb n\u00eb diskrecionin e arsyesh\u00ebm t\u00eb Certi W \u00ae dhe do t\u00eb rregullohet paraprakisht si dhe do t\u00eb tarifohet me tarif\u00ebn Certi W t\u00eb specifikuar n\u00eb kuotim.<\/p>\n\n\n\n<p class=\" translation-block\">Certi W \u00ae do t\u00eb konfirmoj\u00eb n\u00eb \u00e7do rast ciklin e \u00e7ertifikimit.<\/p>\n\n\n\n<p class=\" translation-block\">N\u00eb fund t\u00eb ciklit t\u00eb \u00e7ertifikimit, Certi W \u00ae do t\u00eb kryej\u00eb nj\u00eb rivler\u00ebsim t\u00eb sistemit tuaj t\u00eb menaxhimit p\u00ebr t\u00eb vler\u00ebsuar p\u00ebrshtatshm\u00ebrin\u00eb p\u00ebr vazhdimin e \u00e7ertifikimit tuaj.<\/p>","protected":false},"excerpt":{"rendered":"<p>The Five Stages&nbsp;of Management System Registration 1.Enquiry Certification is subject to supervision. Certification bodies are themselves audited by the relevant authorities and bodies, as part of the approval and accreditation process. In Latvia, the Latvian National Accreditation Bureau (LATAK), is the designated body for the accreditation of certification bodies according [&hellip;]<\/p>","protected":false},"author":1,"featured_media":0,"parent":0,"menu_order":0,"comment_status":"closed","ping_status":"closed","template":"","meta":[],"yoast_head":"<!-- This site is optimized with the Yoast SEO plugin v15.5 - https:\/\/yoast.com\/wordpress\/plugins\/seo\/ -->\n<title>Certification - Certi W South Balkans<\/title>\n<meta name=\"robots\" content=\"noindex, follow\" \/>\n<meta property=\"og:locale\" content=\"sq_AL\" \/>\n<meta property=\"og:type\" content=\"article\" \/>\n<meta property=\"og:title\" content=\"Certification - Certi W South Balkans\" \/>\n<meta property=\"og:description\" content=\"The Five Stages&nbsp;of Management System Registration 1.Enquiry Certification is subject to supervision. Certification bodies are themselves audited by the relevant authorities and bodies, as part of the approval and accreditation process. In Latvia, the Latvian National Accreditation Bureau (LATAK), is the designated body for the accreditation of certification bodies according [&hellip;]\" \/>\n<meta property=\"og:url\" content=\"https:\/\/certiwsb.com\/sq\/certification\/\" \/>\n<meta property=\"og:site_name\" content=\"Certi W South Balkans\" \/>\n<meta property=\"article:modified_time\" content=\"2020-11-17T12:02:44+00:00\" \/>\n<meta name=\"twitter:card\" content=\"summary_large_image\" \/>\n<meta name=\"twitter:label1\" content=\"Est. reading time\">\n\t<meta name=\"twitter:data1\" content=\"2 minuta\">\n<script type=\"application\/ld+json\" class=\"yoast-schema-graph\">{\"@context\":\"https:\/\/schema.org\",\"@graph\":[{\"@type\":\"WebSite\",\"@id\":\"https:\/\/certiwsb.com\/sq\/#website\",\"url\":\"https:\/\/certiwsb.com\/sq\/\",\"name\":\"Certi W South Balkans\",\"description\":\"\",\"potentialAction\":[{\"@type\":\"SearchAction\",\"target\":\"https:\/\/certiwsb.com\/sq\/?s={search_term_string}\",\"query-input\":\"required name=search_term_string\"}],\"inLanguage\":\"sq\"},{\"@type\":\"WebPage\",\"@id\":\"https:\/\/certiwsb.com\/certification\/#webpage\",\"url\":\"https:\/\/certiwsb.com\/certification\/\",\"name\":\"Certification - Certi W South Balkans\",\"isPartOf\":{\"@id\":\"https:\/\/certiwsb.com\/sq\/#website\"},\"datePublished\":\"2020-11-17T12:02:41+00:00\",\"dateModified\":\"2020-11-17T12:02:44+00:00\",\"inLanguage\":\"sq\",\"potentialAction\":[{\"@type\":\"ReadAction\",\"target\":[\"https:\/\/certiwsb.com\/certification\/\"]}]}]}<\/script>\n<!-- \/ Yoast SEO plugin. -->","_links":{"self":[{"href":"https:\/\/certiwsb.com\/sq\/wp-json\/wp\/v2\/pages\/6875"}],"collection":[{"href":"https:\/\/certiwsb.com\/sq\/wp-json\/wp\/v2\/pages"}],"about":[{"href":"https:\/\/certiwsb.com\/sq\/wp-json\/wp\/v2\/types\/page"}],"author":[{"embeddable":true,"href":"https:\/\/certiwsb.com\/sq\/wp-json\/wp\/v2\/users\/1"}],"replies":[{"embeddable":true,"href":"https:\/\/certiwsb.com\/sq\/wp-json\/wp\/v2\/comments?post=6875"}],"version-history":[{"count":2,"href":"https:\/\/certiwsb.com\/sq\/wp-json\/wp\/v2\/pages\/6875\/revisions"}],"predecessor-version":[{"id":6877,"href":"https:\/\/certiwsb.com\/sq\/wp-json\/wp\/v2\/pages\/6875\/revisions\/6877"}],"wp:attachment":[{"href":"https:\/\/certiwsb.com\/sq\/wp-json\/wp\/v2\/media?parent=6875"}],"curies":[{"name":"wp","href":"https:\/\/api.w.org\/{rel}","templated":true}]}}