{"id":6879,"date":"2020-11-17T13:04:03","date_gmt":"2020-11-17T12:04:03","guid":{"rendered":"https:\/\/certiwsb.com\/?page_id=6879"},"modified":"2020-11-17T13:04:06","modified_gmt":"2020-11-17T12:04:06","slug":"inspection","status":"publish","type":"page","link":"https:\/\/certiwsb.com\/sq\/inspection\/","title":{"rendered":"Inspektimi"},"content":{"rendered":"<p>N\u00eb dit\u00ebt e sotme \u00ebsht\u00eb b\u00ebr\u00eb nj\u00eb domosdoshm\u00ebri p\u00ebr t\u00eb gjith\u00eb aktor\u00ebt e tregut t\u00eb sigurojn\u00eb dhe rrisin efikasitetin dhe efektivitetin e pro\u00e7eseve t\u00eb tyre t\u00eb biznesit.<\/p>\n\n\n\n<p>N\u00eb k\u00ebt\u00eb kontekst, inspektimet njihen si instrumente p\u00ebr t\u00eb siguruar q\u00eb rezultatet e \u00e7do pro\u00e7esi organizativ ose prodhimi plot\u00ebsojn\u00eb k\u00ebrkesat e projektit.<\/p>\n\n\n\n<p class=\" translation-block\">Certi W \u00ae ka zhvilluar kompetenca teknike q\u00eb mund t\u00eb ofrojn\u00eb nj\u00eb gam\u00eb t\u00eb gjer\u00eb testesh mbi produktet dhe pro\u00e7eset, n\u00eb m\u00ebnyr\u00eb q\u00eb t\u00eb siguroj\u00eb arritjen e niveleve t\u00eb nj\u00eb cil\u00ebsie gjithnj\u00eb e m\u00eb t\u00eb lart\u00eb.<\/p>\n\n\n\n<p class=\" translation-block\">Certi W \u00ae si organ inspektimi, \u00ebsht\u00eb n\u00eb gjendje t\u00eb siguroj\u00eb personel t\u00eb kualifikuar t\u00eb specializuar n\u00eb secilin sektor n\u00eb t\u00eb cilin operon.<\/p>\n\n\n\n<p>Sh\u00ebrbimi i inspektimit k\u00ebrkohet nga organizatat publike dhe private p\u00ebr t\u00eb marr\u00eb nj\u00eb vler\u00ebsim profesional t\u00eb p\u00ebrputhjes me k\u00ebrkesat e identifikuara.<\/p>\n\n\n\n<p>Q\u00ebllimi i inspektimit \u00ebsht\u00eb t\u00eb vler\u00ebsoj\u00eb konformitetin e mallrave \/ sh\u00ebrbimeve ose pro\u00e7eseve me standardet e emetuara nga organizmat e standardeve ose nga nj\u00ebsit\u00eb private, p\u00ebr t\u00eb siguruar \/ mir\u00ebmbajtur kontrata furnizimi, marka tregtare, kualifikime ose \u00e7ertifikime.<\/p>","protected":false},"excerpt":{"rendered":"<p>Now days has become a must for all market players to ensure and increase the efficiency and effectiveness of their business processes. In this context, inspections are recognized as instruments to ensure that the results of any organizational or production process meet the requirements of the project. Certi W&nbsp;\u00ae&nbsp;has developed [&hellip;]<\/p>","protected":false},"author":1,"featured_media":0,"parent":0,"menu_order":0,"comment_status":"closed","ping_status":"closed","template":"","meta":[],"yoast_head":"<!-- This site is optimized with the Yoast SEO plugin v15.5 - https:\/\/yoast.com\/wordpress\/plugins\/seo\/ -->\n<title>Inspection - Certi W South Balkans<\/title>\n<meta name=\"robots\" content=\"noindex, follow\" \/>\n<meta property=\"og:locale\" content=\"sq_AL\" \/>\n<meta property=\"og:type\" content=\"article\" \/>\n<meta property=\"og:title\" content=\"Inspection - Certi W South Balkans\" \/>\n<meta property=\"og:description\" content=\"Now days has become a must for all market players to ensure and increase the efficiency and effectiveness of their business processes. In this context, inspections are recognized as instruments to ensure that the results of any organizational or production process meet the requirements of the project. Certi W&nbsp;\u00ae&nbsp;has developed [&hellip;]\" \/>\n<meta property=\"og:url\" content=\"https:\/\/certiwsb.com\/sq\/inspection\/\" \/>\n<meta property=\"og:site_name\" content=\"Certi W South Balkans\" \/>\n<meta property=\"article:modified_time\" content=\"2020-11-17T12:04:06+00:00\" \/>\n<meta name=\"twitter:card\" content=\"summary_large_image\" \/>\n<meta name=\"twitter:label1\" content=\"Est. reading time\">\n\t<meta name=\"twitter:data1\" content=\"1 minut\u00eb\">\n<script type=\"application\/ld+json\" class=\"yoast-schema-graph\">{\"@context\":\"https:\/\/schema.org\",\"@graph\":[{\"@type\":\"WebSite\",\"@id\":\"https:\/\/certiwsb.com\/sq\/#website\",\"url\":\"https:\/\/certiwsb.com\/sq\/\",\"name\":\"Certi W South Balkans\",\"description\":\"\",\"potentialAction\":[{\"@type\":\"SearchAction\",\"target\":\"https:\/\/certiwsb.com\/sq\/?s={search_term_string}\",\"query-input\":\"required name=search_term_string\"}],\"inLanguage\":\"sq\"},{\"@type\":\"WebPage\",\"@id\":\"https:\/\/certiwsb.com\/inspection\/#webpage\",\"url\":\"https:\/\/certiwsb.com\/inspection\/\",\"name\":\"Inspection - Certi W South Balkans\",\"isPartOf\":{\"@id\":\"https:\/\/certiwsb.com\/sq\/#website\"},\"datePublished\":\"2020-11-17T12:04:03+00:00\",\"dateModified\":\"2020-11-17T12:04:06+00:00\",\"inLanguage\":\"sq\",\"potentialAction\":[{\"@type\":\"ReadAction\",\"target\":[\"https:\/\/certiwsb.com\/inspection\/\"]}]}]}<\/script>\n<!-- \/ Yoast SEO plugin. -->","_links":{"self":[{"href":"https:\/\/certiwsb.com\/sq\/wp-json\/wp\/v2\/pages\/6879"}],"collection":[{"href":"https:\/\/certiwsb.com\/sq\/wp-json\/wp\/v2\/pages"}],"about":[{"href":"https:\/\/certiwsb.com\/sq\/wp-json\/wp\/v2\/types\/page"}],"author":[{"embeddable":true,"href":"https:\/\/certiwsb.com\/sq\/wp-json\/wp\/v2\/users\/1"}],"replies":[{"embeddable":true,"href":"https:\/\/certiwsb.com\/sq\/wp-json\/wp\/v2\/comments?post=6879"}],"version-history":[{"count":1,"href":"https:\/\/certiwsb.com\/sq\/wp-json\/wp\/v2\/pages\/6879\/revisions"}],"predecessor-version":[{"id":6881,"href":"https:\/\/certiwsb.com\/sq\/wp-json\/wp\/v2\/pages\/6879\/revisions\/6881"}],"wp:attachment":[{"href":"https:\/\/certiwsb.com\/sq\/wp-json\/wp\/v2\/media?parent=6879"}],"curies":[{"name":"wp","href":"https:\/\/api.w.org\/{rel}","templated":true}]}}