{"id":6882,"date":"2020-11-17T13:04:50","date_gmt":"2020-11-17T12:04:50","guid":{"rendered":"https:\/\/certiwsb.com\/?page_id=6882"},"modified":"2020-11-17T13:04:54","modified_gmt":"2020-11-17T12:04:54","slug":"audit","status":"publish","type":"page","link":"https:\/\/certiwsb.com\/sq\/audit\/","title":{"rendered":"Auditi"},"content":{"rendered":"<p>Auditimi \u00ebsht\u00eb nj\u00eb vler\u00ebsim i pavarur i koh\u00ebs p\u00ebr t\u00eb marr\u00eb evidenca n\u00eb lidhje me nj\u00eb \u00e7\u00ebshtje t\u00eb caktuar dhe vler\u00ebsimin e saj objektivisht p\u00ebr t\u00eb p\u00ebrcaktuar shkall\u00ebn n\u00eb t\u00eb cil\u00ebn jan\u00eb p\u00ebrmbushur kriteret e paracaktuara.<\/p>\n\n\n\n<p>Nj\u00eb aspekt q\u00eb duhet t\u00eb theksohet dhe q\u00eb shpesh neglizhohet ose nuk b\u00ebhet i qart\u00eb \u00ebsht\u00eb se auditimi i sistemeve zhvillohet n\u00eb baz\u00eb t\u00eb nj\u00eb kampionimi t\u00eb evidencave dhe p\u00ebr k\u00ebt\u00eb arsye ka nj\u00eb marzh t\u00eb pashmangsh\u00ebm gabimi p\u00ebr shkak t\u00eb faktit q\u00eb p\u00ebrzgjedhja b\u00ebhet nga nj\u00eb gam\u00eb e gjer\u00eb n\u00eb nj\u00eb baz\u00eb t\u00eb madhe t\u00eb dh\u00ebnash. Kjo ndodh p\u00ebr shkak t\u00eb burimeve t\u00eb kufizuara q\u00eb mund t\u00eb vihen n\u00eb dispozicion p\u00ebr auditim.<\/p>\n\n\n\n<p>Nj\u00eb sistem i efektsh\u00ebm menaxhimi \u00ebsht\u00eb nj\u00eb kart\u00eb e shk\u00eblqyeshme p\u00ebr biznesin pasi tregon p\u00ebrkushtimin e kompanis\u00eb p\u00ebr t\u00eb p\u00ebrmir\u00ebsuar pro\u00e7eset, p\u00ebr t\u00eb siguruar cil\u00ebsi dhe siguri dhe p\u00ebr t\u00eb p\u00ebrmir\u00ebsuar imazhin n\u00eb treg. Sistemet e menaxhimit gjithashtu tregojn\u00eb p\u00ebrq\u00ebndrimin n\u00eb menaxhimin efektiv dhe efikas t\u00eb pro\u00e7eseve, motivimin e punonj\u00ebsve dhe k\u00ebnaq\u00ebsin\u00eb e klientit.<\/p>\n\n\n\n<p class=\" translation-block\">Certi W \u00ae \u00ebsht\u00eb nj\u00eb organ \u00e7ertifikues i akredituar nga Latak sipas standardeve nd\u00ebrkomb\u00ebtare, ka ekspertiz\u00ebn p\u00ebr t\u00eb kryer auditime n\u00eb disa sektor\u00eb t\u00eb tregut n\u00eb fush\u00ebn e cil\u00ebsis\u00eb, mjedisit, energjis\u00eb, sh\u00ebndetit dhe siguris\u00eb s\u00eb pun\u00ebtor\u00ebve, sigurin\u00eb e informacionit, pergjegj\u00ebsin\u00eb sociale, industrin\u00eb ushqimore duke siguruar kompetenc\u00eb dhe besueshm\u00ebri n\u00eb \u00e7do fush\u00eb.<\/p>","protected":false},"excerpt":{"rendered":"<p>The audit is an independent assessment of time to obtain evidence in relation to a particular item, and evaluating it objectively to determine the extent to which the predefined criteria have been met or not. It should be emphasized an aspect often overlooked or not made \u200b\u200bexplicit: the audit of [&hellip;]<\/p>","protected":false},"author":1,"featured_media":0,"parent":0,"menu_order":0,"comment_status":"closed","ping_status":"closed","template":"","meta":[],"yoast_head":"<!-- This site is optimized with the Yoast SEO plugin v15.5 - https:\/\/yoast.com\/wordpress\/plugins\/seo\/ -->\n<title>Audit - Certi W South Balkans<\/title>\n<meta name=\"robots\" content=\"noindex, follow\" \/>\n<meta property=\"og:locale\" content=\"sq_AL\" \/>\n<meta property=\"og:type\" content=\"article\" \/>\n<meta property=\"og:title\" content=\"Audit - Certi W South Balkans\" \/>\n<meta property=\"og:description\" content=\"The audit is an independent assessment of time to obtain evidence in relation to a particular item, and evaluating it objectively to determine the extent to which the predefined criteria have been met or not. It should be emphasized an aspect often overlooked or not made \u200b\u200bexplicit: the audit of [&hellip;]\" \/>\n<meta property=\"og:url\" content=\"https:\/\/certiwsb.com\/sq\/audit\/\" \/>\n<meta property=\"og:site_name\" content=\"Certi W South Balkans\" \/>\n<meta property=\"article:modified_time\" content=\"2020-11-17T12:04:54+00:00\" \/>\n<meta name=\"twitter:card\" content=\"summary_large_image\" \/>\n<meta name=\"twitter:label1\" content=\"Est. reading time\">\n\t<meta name=\"twitter:data1\" content=\"1 minut\u00eb\">\n<script type=\"application\/ld+json\" class=\"yoast-schema-graph\">{\"@context\":\"https:\/\/schema.org\",\"@graph\":[{\"@type\":\"WebSite\",\"@id\":\"https:\/\/certiwsb.com\/sq\/#website\",\"url\":\"https:\/\/certiwsb.com\/sq\/\",\"name\":\"Certi W South Balkans\",\"description\":\"\",\"potentialAction\":[{\"@type\":\"SearchAction\",\"target\":\"https:\/\/certiwsb.com\/sq\/?s={search_term_string}\",\"query-input\":\"required name=search_term_string\"}],\"inLanguage\":\"sq\"},{\"@type\":\"WebPage\",\"@id\":\"https:\/\/certiwsb.com\/audit\/#webpage\",\"url\":\"https:\/\/certiwsb.com\/audit\/\",\"name\":\"Audit - Certi W South Balkans\",\"isPartOf\":{\"@id\":\"https:\/\/certiwsb.com\/sq\/#website\"},\"datePublished\":\"2020-11-17T12:04:50+00:00\",\"dateModified\":\"2020-11-17T12:04:54+00:00\",\"inLanguage\":\"sq\",\"potentialAction\":[{\"@type\":\"ReadAction\",\"target\":[\"https:\/\/certiwsb.com\/audit\/\"]}]}]}<\/script>\n<!-- \/ Yoast SEO plugin. -->","_links":{"self":[{"href":"https:\/\/certiwsb.com\/sq\/wp-json\/wp\/v2\/pages\/6882"}],"collection":[{"href":"https:\/\/certiwsb.com\/sq\/wp-json\/wp\/v2\/pages"}],"about":[{"href":"https:\/\/certiwsb.com\/sq\/wp-json\/wp\/v2\/types\/page"}],"author":[{"embeddable":true,"href":"https:\/\/certiwsb.com\/sq\/wp-json\/wp\/v2\/users\/1"}],"replies":[{"embeddable":true,"href":"https:\/\/certiwsb.com\/sq\/wp-json\/wp\/v2\/comments?post=6882"}],"version-history":[{"count":1,"href":"https:\/\/certiwsb.com\/sq\/wp-json\/wp\/v2\/pages\/6882\/revisions"}],"predecessor-version":[{"id":6884,"href":"https:\/\/certiwsb.com\/sq\/wp-json\/wp\/v2\/pages\/6882\/revisions\/6884"}],"wp:attachment":[{"href":"https:\/\/certiwsb.com\/sq\/wp-json\/wp\/v2\/media?parent=6882"}],"curies":[{"name":"wp","href":"https:\/\/api.w.org\/{rel}","templated":true}]}}