{"id":6885,"date":"2020-11-17T13:06:11","date_gmt":"2020-11-17T12:06:11","guid":{"rendered":"https:\/\/certiwsb.com\/?page_id=6885"},"modified":"2020-11-17T13:06:14","modified_gmt":"2020-11-17T12:06:14","slug":"training","status":"publish","type":"page","link":"https:\/\/certiwsb.com\/sq\/training\/","title":{"rendered":"Trajnime"},"content":{"rendered":"<p>Ofrojme trajnime dhe informacione mbi standardet komb\u00ebtare dhe nd\u00ebrkomb\u00ebtare, teknikat e \u00e7ertifikimit dhe auditimit.<\/p>\n\n\n\n<p>P\u00ebr informacion ose k\u00ebrkesa shkruani n\u00eb tirana@certiwsb.com\u00a0<a href=\"mailto:training@certiw.com\">tirana@certiwsb.com<\/a><\/p>","protected":false},"excerpt":{"rendered":"<p>Training and information on national and international standards, certi\ufb01cation and auditing techniques. For information or requests write to\u00a0tirana@certiwsb.com<\/p>","protected":false},"author":1,"featured_media":0,"parent":0,"menu_order":0,"comment_status":"closed","ping_status":"closed","template":"","meta":[],"yoast_head":"<!-- This site is optimized with the Yoast SEO plugin v15.5 - https:\/\/yoast.com\/wordpress\/plugins\/seo\/ -->\n<title>Training - Certi W South Balkans<\/title>\n<meta name=\"robots\" content=\"noindex, follow\" \/>\n<meta property=\"og:locale\" content=\"sq_AL\" \/>\n<meta property=\"og:type\" content=\"article\" \/>\n<meta property=\"og:title\" content=\"Training - Certi W South Balkans\" \/>\n<meta property=\"og:description\" content=\"Training and information on national and international standards, certi\ufb01cation and auditing techniques. For information or requests write to\u00a0tirana@certiwsb.com\" \/>\n<meta property=\"og:url\" content=\"https:\/\/certiwsb.com\/sq\/training\/\" \/>\n<meta property=\"og:site_name\" content=\"Certi W South Balkans\" \/>\n<meta property=\"article:modified_time\" content=\"2020-11-17T12:06:14+00:00\" \/>\n<meta name=\"twitter:card\" content=\"summary_large_image\" \/>\n<meta name=\"twitter:label1\" content=\"Est. reading time\">\n\t<meta name=\"twitter:data1\" content=\"0 minuta\">\n<script type=\"application\/ld+json\" class=\"yoast-schema-graph\">{\"@context\":\"https:\/\/schema.org\",\"@graph\":[{\"@type\":\"WebSite\",\"@id\":\"https:\/\/certiwsb.com\/sq\/#website\",\"url\":\"https:\/\/certiwsb.com\/sq\/\",\"name\":\"Certi W South Balkans\",\"description\":\"\",\"potentialAction\":[{\"@type\":\"SearchAction\",\"target\":\"https:\/\/certiwsb.com\/sq\/?s={search_term_string}\",\"query-input\":\"required name=search_term_string\"}],\"inLanguage\":\"sq\"},{\"@type\":\"WebPage\",\"@id\":\"https:\/\/certiwsb.com\/training\/#webpage\",\"url\":\"https:\/\/certiwsb.com\/training\/\",\"name\":\"Training - Certi W South Balkans\",\"isPartOf\":{\"@id\":\"https:\/\/certiwsb.com\/sq\/#website\"},\"datePublished\":\"2020-11-17T12:06:11+00:00\",\"dateModified\":\"2020-11-17T12:06:14+00:00\",\"inLanguage\":\"sq\",\"potentialAction\":[{\"@type\":\"ReadAction\",\"target\":[\"https:\/\/certiwsb.com\/training\/\"]}]}]}<\/script>\n<!-- \/ Yoast SEO plugin. -->","_links":{"self":[{"href":"https:\/\/certiwsb.com\/sq\/wp-json\/wp\/v2\/pages\/6885"}],"collection":[{"href":"https:\/\/certiwsb.com\/sq\/wp-json\/wp\/v2\/pages"}],"about":[{"href":"https:\/\/certiwsb.com\/sq\/wp-json\/wp\/v2\/types\/page"}],"author":[{"embeddable":true,"href":"https:\/\/certiwsb.com\/sq\/wp-json\/wp\/v2\/users\/1"}],"replies":[{"embeddable":true,"href":"https:\/\/certiwsb.com\/sq\/wp-json\/wp\/v2\/comments?post=6885"}],"version-history":[{"count":1,"href":"https:\/\/certiwsb.com\/sq\/wp-json\/wp\/v2\/pages\/6885\/revisions"}],"predecessor-version":[{"id":6887,"href":"https:\/\/certiwsb.com\/sq\/wp-json\/wp\/v2\/pages\/6885\/revisions\/6887"}],"wp:attachment":[{"href":"https:\/\/certiwsb.com\/sq\/wp-json\/wp\/v2\/media?parent=6885"}],"curies":[{"name":"wp","href":"https:\/\/api.w.org\/{rel}","templated":true}]}}